{"id":322,"date":"2025-12-22T11:42:46","date_gmt":"2025-12-22T10:42:46","guid":{"rendered":"https:\/\/www.jagersrustvelden.nl\/?page_id=322"},"modified":"2026-01-30T09:55:23","modified_gmt":"2026-01-30T08:55:23","slug":"vergaderruimte","status":"publish","type":"page","link":"https:\/\/www.jagersrustvelden.nl\/de\/mogelijkheden\/vergaderruimte\/","title":{"rendered":"Sitzungssaal"},"content":{"rendered":"<p>Im Jagersrust Velden k\u00f6nnen Sie nicht nur gut essen und sich entspannen, sondern wir bieten auch einen gem\u00fctlichen und informellen Rahmen f\u00fcr Treffen, Versammlungen und Gesch\u00e4ftsessen. Unser Standort verbindet die Ruhe der Limburger Landschaft mit der Gastfreundschaft eines klassischen Pfannkuchenhauses und ist somit ideal f\u00fcr kreative Sitzungen, Teambesprechungen oder ein entspanntes Arbeitsessen.<\/p>\n<p><strong>Warum ein Treffen bei Jagersrust Velden?<\/strong><\/p>\n<ul>\n<li>Ruhige und nat\u00fcrliche Umgebung: Durch unsere Lage im Gr\u00fcnen f\u00fchlen sich die Treffen hier weniger formell und inspirierend an.<\/li>\n<li>Zentrale Lage: Jagersrust ist in Velden, nahe der deutschen Grenze, leicht zu erreichen und verf\u00fcgt \u00fcber ausreichend kostenlose Parkpl\u00e4tze.<\/li>\n<li>Kaffee und Mittagessen inklusive: Kombinieren Sie Ihr Meeting mit einem leckeren Mittagessen, Kaffee oder Getr\u00e4nken, ideal f\u00fcr Gesch\u00e4ftstage.<\/li>\n<li>Gastfreundlicher Service: Unser Team hilft Ihnen gerne bei der Planung Ihres Treffens, damit alles reibungslos abl\u00e4uft.<\/li>\n<\/ul>\n<p>Ob Sie ein Gesch\u00e4ftsessen, ein Treffen mit Kollegen oder eine kleine Schulung in entspannter Atmosph\u00e4re organisieren m\u00f6chten, bei Jagersrust Velden sind Sie an der richtigen Adresse. Nehmen Sie Kontakt mit uns auf, um die M\u00f6glichkeiten zu besprechen und eine Reservierung vorzunehmen. <span class=\"s1\" style=\"font-family: -apple-system, BlinkMacSystemFont, 'Segoe UI', Roboto, 'Helvetica Neue', Arial, 'Noto Sans', sans-serif, 'Apple Color Emoji', 'Segoe UI Emoji', 'Segoe UI Symbol', 'Noto Color Emoji';\"><b>Derzeit ist dies nur au\u00dferhalb unserer regul\u00e4ren \u00d6ffnungszeiten m\u00f6glich.<\/b><\/span><\/p>","protected":false},"excerpt":{"rendered":"<p>Bij Jagersrust Velden kun je terecht voor m\u00e9\u00e9r dan alleen lekker eten en ontspanning, wij bieden ook een gezellige en informele ruimte voor vergaderingen, bijeenkomsten en zakelijke lunches. Onze locatie combineert de rust van het Limburgse groen met de gastvrijheid van een klassiek pannenkoekenhuis, waardoor het uitermate geschikt is voor creatieve sessies, teamoverleggen of een [&hellip;]<\/p>","protected":false},"author":1,"featured_media":0,"parent":314,"menu_order":0,"comment_status":"closed","ping_status":"closed","template":"","meta":{"_acf_changed":false,"footnotes":""},"class_list":["post-322","page","type-page","status-publish","hentry"],"acf":[],"yoast_head":"<!-- This site is optimized with the Yoast SEO plugin v26.8 - https:\/\/yoast.com\/product\/yoast-seo-wordpress\/ -->\n<title>Vergaderruimte - Jagersrust Velden<\/title>\n<meta name=\"robots\" content=\"index, follow, max-snippet:-1, max-image-preview:large, max-video-preview:-1\" \/>\n<link rel=\"canonical\" href=\"https:\/\/www.jagersrustvelden.nl\/de\/mogelijkheden\/vergaderruimte\/\" \/>\n<meta property=\"og:locale\" content=\"de_DE\" \/>\n<meta property=\"og:type\" content=\"article\" \/>\n<meta property=\"og:title\" content=\"Vergaderruimte - Jagersrust Velden\" \/>\n<meta property=\"og:description\" content=\"Bij Jagersrust Velden kun je terecht voor m\u00e9\u00e9r dan alleen lekker eten en ontspanning, wij bieden ook een gezellige en informele ruimte voor vergaderingen, bijeenkomsten en zakelijke lunches. Onze locatie combineert de rust van het Limburgse groen met de gastvrijheid van een klassiek pannenkoekenhuis, waardoor het uitermate geschikt is voor creatieve sessies, teamoverleggen of een [&hellip;]\" \/>\n<meta property=\"og:url\" content=\"https:\/\/www.jagersrustvelden.nl\/de\/mogelijkheden\/vergaderruimte\/\" \/>\n<meta property=\"og:site_name\" content=\"Jagersrust Velden\" \/>\n<meta property=\"article:modified_time\" content=\"2026-01-30T08:55:23+00:00\" \/>\n<meta name=\"twitter:card\" content=\"summary_large_image\" \/>\n<meta name=\"twitter:label1\" content=\"Gesch\u00e4tzte Lesezeit\" \/>\n\t<meta name=\"twitter:data1\" content=\"1\u00a0Minute\" \/>\n<script type=\"application\/ld+json\" class=\"yoast-schema-graph\">{\"@context\":\"https:\/\/schema.org\",\"@graph\":[{\"@type\":\"WebPage\",\"@id\":\"https:\/\/www.jagersrustvelden.nl\/mogelijkheden\/vergaderruimte\/\",\"url\":\"https:\/\/www.jagersrustvelden.nl\/mogelijkheden\/vergaderruimte\/\",\"name\":\"Vergaderruimte - Jagersrust Velden\",\"isPartOf\":{\"@id\":\"https:\/\/www.jagersrustvelden.nl\/#website\"},\"datePublished\":\"2025-12-22T10:42:46+00:00\",\"dateModified\":\"2026-01-30T08:55:23+00:00\",\"breadcrumb\":{\"@id\":\"https:\/\/www.jagersrustvelden.nl\/mogelijkheden\/vergaderruimte\/#breadcrumb\"},\"inLanguage\":\"de\",\"potentialAction\":[{\"@type\":\"ReadAction\",\"target\":[\"https:\/\/www.jagersrustvelden.nl\/mogelijkheden\/vergaderruimte\/\"]}]},{\"@type\":\"BreadcrumbList\",\"@id\":\"https:\/\/www.jagersrustvelden.nl\/mogelijkheden\/vergaderruimte\/#breadcrumb\",\"itemListElement\":[{\"@type\":\"ListItem\",\"position\":1,\"name\":\"Home\",\"item\":\"https:\/\/www.jagersrustvelden.nl\/\"},{\"@type\":\"ListItem\",\"position\":2,\"name\":\"Mogelijkheden\",\"item\":\"https:\/\/www.jagersrustvelden.nl\/mogelijkheden\/\"},{\"@type\":\"ListItem\",\"position\":3,\"name\":\"Vergaderruimte\"}]},{\"@type\":\"WebSite\",\"@id\":\"https:\/\/www.jagersrustvelden.nl\/#website\",\"url\":\"https:\/\/www.jagersrustvelden.nl\/\",\"name\":\"Jagersrust Velden\",\"description\":\"\",\"publisher\":{\"@id\":\"https:\/\/www.jagersrustvelden.nl\/#organization\"},\"potentialAction\":[{\"@type\":\"SearchAction\",\"target\":{\"@type\":\"EntryPoint\",\"urlTemplate\":\"https:\/\/www.jagersrustvelden.nl\/?s={search_term_string}\"},\"query-input\":{\"@type\":\"PropertyValueSpecification\",\"valueRequired\":true,\"valueName\":\"search_term_string\"}}],\"inLanguage\":\"de\"},{\"@type\":\"Organization\",\"@id\":\"https:\/\/www.jagersrustvelden.nl\/#organization\",\"name\":\"Jagersrust Velden\",\"url\":\"https:\/\/www.jagersrustvelden.nl\/\",\"logo\":{\"@type\":\"ImageObject\",\"inLanguage\":\"de\",\"@id\":\"https:\/\/www.jagersrustvelden.nl\/#\/schema\/logo\/image\/\",\"url\":\"https:\/\/www.jagersrustvelden.nl\/wp-content\/uploads\/2025\/12\/hangend-bord-lang-touw-web-1.png\",\"contentUrl\":\"https:\/\/www.jagersrustvelden.nl\/wp-content\/uploads\/2025\/12\/hangend-bord-lang-touw-web-1.png\",\"width\":142,\"height\":203,\"caption\":\"Jagersrust Velden\"},\"image\":{\"@id\":\"https:\/\/www.jagersrustvelden.nl\/#\/schema\/logo\/image\/\"}}]}<\/script>\n<!-- \/ Yoast SEO plugin. -->","yoast_head_json":{"title":"Vergaderruimte - Jagersrust Velden","robots":{"index":"index","follow":"follow","max-snippet":"max-snippet:-1","max-image-preview":"max-image-preview:large","max-video-preview":"max-video-preview:-1"},"canonical":"https:\/\/www.jagersrustvelden.nl\/de\/mogelijkheden\/vergaderruimte\/","og_locale":"de_DE","og_type":"article","og_title":"Vergaderruimte - Jagersrust Velden","og_description":"Bij Jagersrust Velden kun je terecht voor m\u00e9\u00e9r dan alleen lekker eten en ontspanning, wij bieden ook een gezellige en informele ruimte voor vergaderingen, bijeenkomsten en zakelijke lunches. Onze locatie combineert de rust van het Limburgse groen met de gastvrijheid van een klassiek pannenkoekenhuis, waardoor het uitermate geschikt is voor creatieve sessies, teamoverleggen of een [&hellip;]","og_url":"https:\/\/www.jagersrustvelden.nl\/de\/mogelijkheden\/vergaderruimte\/","og_site_name":"Jagersrust Velden","article_modified_time":"2026-01-30T08:55:23+00:00","twitter_card":"summary_large_image","twitter_misc":{"Gesch\u00e4tzte Lesezeit":"1\u00a0Minute"},"schema":{"@context":"https:\/\/schema.org","@graph":[{"@type":"WebPage","@id":"https:\/\/www.jagersrustvelden.nl\/mogelijkheden\/vergaderruimte\/","url":"https:\/\/www.jagersrustvelden.nl\/mogelijkheden\/vergaderruimte\/","name":"Vergaderruimte - Jagersrust Velden","isPartOf":{"@id":"https:\/\/www.jagersrustvelden.nl\/#website"},"datePublished":"2025-12-22T10:42:46+00:00","dateModified":"2026-01-30T08:55:23+00:00","breadcrumb":{"@id":"https:\/\/www.jagersrustvelden.nl\/mogelijkheden\/vergaderruimte\/#breadcrumb"},"inLanguage":"de","potentialAction":[{"@type":"ReadAction","target":["https:\/\/www.jagersrustvelden.nl\/mogelijkheden\/vergaderruimte\/"]}]},{"@type":"BreadcrumbList","@id":"https:\/\/www.jagersrustvelden.nl\/mogelijkheden\/vergaderruimte\/#breadcrumb","itemListElement":[{"@type":"ListItem","position":1,"name":"Home","item":"https:\/\/www.jagersrustvelden.nl\/"},{"@type":"ListItem","position":2,"name":"Mogelijkheden","item":"https:\/\/www.jagersrustvelden.nl\/mogelijkheden\/"},{"@type":"ListItem","position":3,"name":"Vergaderruimte"}]},{"@type":"WebSite","@id":"https:\/\/www.jagersrustvelden.nl\/#website","url":"https:\/\/www.jagersrustvelden.nl\/","name":"Hunters Rest Felder","description":"","publisher":{"@id":"https:\/\/www.jagersrustvelden.nl\/#organization"},"potentialAction":[{"@type":"SearchAction","target":{"@type":"EntryPoint","urlTemplate":"https:\/\/www.jagersrustvelden.nl\/?s={search_term_string}"},"query-input":{"@type":"PropertyValueSpecification","valueRequired":true,"valueName":"search_term_string"}}],"inLanguage":"de"},{"@type":"Organization","@id":"https:\/\/www.jagersrustvelden.nl\/#organization","name":"Hunters Rest Felder","url":"https:\/\/www.jagersrustvelden.nl\/","logo":{"@type":"ImageObject","inLanguage":"de","@id":"https:\/\/www.jagersrustvelden.nl\/#\/schema\/logo\/image\/","url":"https:\/\/www.jagersrustvelden.nl\/wp-content\/uploads\/2025\/12\/hangend-bord-lang-touw-web-1.png","contentUrl":"https:\/\/www.jagersrustvelden.nl\/wp-content\/uploads\/2025\/12\/hangend-bord-lang-touw-web-1.png","width":142,"height":203,"caption":"Jagersrust Velden"},"image":{"@id":"https:\/\/www.jagersrustvelden.nl\/#\/schema\/logo\/image\/"}}]}},"_links":{"self":[{"href":"https:\/\/www.jagersrustvelden.nl\/de\/wp-json\/wp\/v2\/pages\/322","targetHints":{"allow":["GET"]}}],"collection":[{"href":"https:\/\/www.jagersrustvelden.nl\/de\/wp-json\/wp\/v2\/pages"}],"about":[{"href":"https:\/\/www.jagersrustvelden.nl\/de\/wp-json\/wp\/v2\/types\/page"}],"author":[{"embeddable":true,"href":"https:\/\/www.jagersrustvelden.nl\/de\/wp-json\/wp\/v2\/users\/1"}],"replies":[{"embeddable":true,"href":"https:\/\/www.jagersrustvelden.nl\/de\/wp-json\/wp\/v2\/comments?post=322"}],"version-history":[{"count":7,"href":"https:\/\/www.jagersrustvelden.nl\/de\/wp-json\/wp\/v2\/pages\/322\/revisions"}],"predecessor-version":[{"id":1228,"href":"https:\/\/www.jagersrustvelden.nl\/de\/wp-json\/wp\/v2\/pages\/322\/revisions\/1228"}],"up":[{"embeddable":true,"href":"https:\/\/www.jagersrustvelden.nl\/de\/wp-json\/wp\/v2\/pages\/314"}],"wp:attachment":[{"href":"https:\/\/www.jagersrustvelden.nl\/de\/wp-json\/wp\/v2\/media?parent=322"}],"curies":[{"name":"wp","href":"https:\/\/api.w.org\/{rel}","templated":true}]}}