{"id":320,"date":"2025-12-22T11:41:35","date_gmt":"2025-12-22T10:41:35","guid":{"rendered":"https:\/\/www.jagersrustvelden.nl\/?page_id=320"},"modified":"2026-01-15T20:14:35","modified_gmt":"2026-01-15T19:14:35","slug":"venlose-aetbon","status":"publish","type":"page","link":"https:\/\/www.jagersrustvelden.nl\/de\/mogelijkheden\/venlose-aetbon\/","title":{"rendered":"Venlo Aetb\u00f3n"},"content":{"rendered":"<p>Bei Jagersrust Velden k\u00f6nnen Sie auch mit dem Venlose Aetb\u00f3n bezahlen, einem gem\u00fctlichen und lokalen Essensgutschein aus der Region Venlo. Der Groe\u00ebt Venlose Aetb\u00f3n ist ein Essensgutschein, den Sie verschenken oder selbst in verschiedenen Restaurants und Gastst\u00e4tten in Venlo und Umgebung einl\u00f6sen k\u00f6nnen, auch bei uns!<\/p>\n<p>Der Aetb\u00f3n wird in mehreren Restaurants und Gastronomiebetrieben in der Region Venlo akzeptiert, auch bei Jagersrust Velden! Sie k\u00f6nnen den Gutschein als (Teil-)Zahlung f\u00fcr Ihr Mittagessen, Abendessen, Pfannkuchen oder andere Gerichte aus unserer Speisekarte einreichen.<\/p>\n<p>Der Venlo Aetb\u00f3n ist einfach zu benutzen und hilft, lokale Unternehmer in Venlo, Tegelen, Velden und Umgebung zu unterst\u00fctzen. Er ist in der Tourist Information Venlo und anderen Verkaufsstellen in der Stadt erh\u00e4ltlich, sch\u00f6n zu geben und zu bekommen!<\/p>","protected":false},"excerpt":{"rendered":"<p>Bij Jagersrust Velden kun je ook betalen met de Venlose Aetb\u00f3n, een gezellige en lokale diner-voucher uit de regio Venlo. De Groe\u00ebt Venlose Aetb\u00f3n is een maaltijdbon die je cadeau kunt geven of zelf kunt gebruiken bij verschillende restaurants en eetgelegenheden in Venlo en omgeving, waaronder dus ook bij ons! De Aetb\u00f3n wordt geaccepteerd bij [&hellip;]<\/p>","protected":false},"author":1,"featured_media":0,"parent":314,"menu_order":0,"comment_status":"closed","ping_status":"closed","template":"","meta":{"_acf_changed":false,"footnotes":""},"class_list":["post-320","page","type-page","status-publish","hentry"],"acf":[],"yoast_head":"<!-- This site is optimized with the Yoast SEO plugin v26.8 - https:\/\/yoast.com\/product\/yoast-seo-wordpress\/ -->\n<title>Venlose Aetb\u00f3n - Jagersrust Velden<\/title>\n<meta name=\"robots\" content=\"index, follow, max-snippet:-1, max-image-preview:large, max-video-preview:-1\" \/>\n<link rel=\"canonical\" href=\"https:\/\/www.jagersrustvelden.nl\/de\/mogelijkheden\/venlose-aetbon\/\" \/>\n<meta property=\"og:locale\" content=\"de_DE\" \/>\n<meta property=\"og:type\" content=\"article\" \/>\n<meta property=\"og:title\" content=\"Venlose Aetb\u00f3n - Jagersrust Velden\" \/>\n<meta property=\"og:description\" content=\"Bij Jagersrust Velden kun je ook betalen met de Venlose Aetb\u00f3n, een gezellige en lokale diner-voucher uit de regio Venlo. De Groe\u00ebt Venlose Aetb\u00f3n is een maaltijdbon die je cadeau kunt geven of zelf kunt gebruiken bij verschillende restaurants en eetgelegenheden in Venlo en omgeving, waaronder dus ook bij ons! De Aetb\u00f3n wordt geaccepteerd bij [&hellip;]\" \/>\n<meta property=\"og:url\" content=\"https:\/\/www.jagersrustvelden.nl\/de\/mogelijkheden\/venlose-aetbon\/\" \/>\n<meta property=\"og:site_name\" content=\"Jagersrust Velden\" \/>\n<meta property=\"article:modified_time\" content=\"2026-01-15T19:14:35+00:00\" \/>\n<meta name=\"twitter:card\" content=\"summary_large_image\" \/>\n<meta name=\"twitter:label1\" content=\"Gesch\u00e4tzte Lesezeit\" \/>\n\t<meta name=\"twitter:data1\" content=\"1\u00a0Minute\" \/>\n<script type=\"application\/ld+json\" class=\"yoast-schema-graph\">{\"@context\":\"https:\/\/schema.org\",\"@graph\":[{\"@type\":\"WebPage\",\"@id\":\"https:\/\/www.jagersrustvelden.nl\/mogelijkheden\/venlose-aetbon\/\",\"url\":\"https:\/\/www.jagersrustvelden.nl\/mogelijkheden\/venlose-aetbon\/\",\"name\":\"Venlose Aetb\u00f3n - Jagersrust Velden\",\"isPartOf\":{\"@id\":\"https:\/\/www.jagersrustvelden.nl\/#website\"},\"datePublished\":\"2025-12-22T10:41:35+00:00\",\"dateModified\":\"2026-01-15T19:14:35+00:00\",\"breadcrumb\":{\"@id\":\"https:\/\/www.jagersrustvelden.nl\/mogelijkheden\/venlose-aetbon\/#breadcrumb\"},\"inLanguage\":\"de\",\"potentialAction\":[{\"@type\":\"ReadAction\",\"target\":[\"https:\/\/www.jagersrustvelden.nl\/mogelijkheden\/venlose-aetbon\/\"]}]},{\"@type\":\"BreadcrumbList\",\"@id\":\"https:\/\/www.jagersrustvelden.nl\/mogelijkheden\/venlose-aetbon\/#breadcrumb\",\"itemListElement\":[{\"@type\":\"ListItem\",\"position\":1,\"name\":\"Home\",\"item\":\"https:\/\/www.jagersrustvelden.nl\/\"},{\"@type\":\"ListItem\",\"position\":2,\"name\":\"Mogelijkheden\",\"item\":\"https:\/\/www.jagersrustvelden.nl\/mogelijkheden\/\"},{\"@type\":\"ListItem\",\"position\":3,\"name\":\"Venlose Aetb\u00f3n\"}]},{\"@type\":\"WebSite\",\"@id\":\"https:\/\/www.jagersrustvelden.nl\/#website\",\"url\":\"https:\/\/www.jagersrustvelden.nl\/\",\"name\":\"Jagersrust Velden\",\"description\":\"\",\"publisher\":{\"@id\":\"https:\/\/www.jagersrustvelden.nl\/#organization\"},\"potentialAction\":[{\"@type\":\"SearchAction\",\"target\":{\"@type\":\"EntryPoint\",\"urlTemplate\":\"https:\/\/www.jagersrustvelden.nl\/?s={search_term_string}\"},\"query-input\":{\"@type\":\"PropertyValueSpecification\",\"valueRequired\":true,\"valueName\":\"search_term_string\"}}],\"inLanguage\":\"de\"},{\"@type\":\"Organization\",\"@id\":\"https:\/\/www.jagersrustvelden.nl\/#organization\",\"name\":\"Jagersrust Velden\",\"url\":\"https:\/\/www.jagersrustvelden.nl\/\",\"logo\":{\"@type\":\"ImageObject\",\"inLanguage\":\"de\",\"@id\":\"https:\/\/www.jagersrustvelden.nl\/#\/schema\/logo\/image\/\",\"url\":\"https:\/\/www.jagersrustvelden.nl\/wp-content\/uploads\/2025\/12\/hangend-bord-lang-touw-web-1.png\",\"contentUrl\":\"https:\/\/www.jagersrustvelden.nl\/wp-content\/uploads\/2025\/12\/hangend-bord-lang-touw-web-1.png\",\"width\":142,\"height\":203,\"caption\":\"Jagersrust Velden\"},\"image\":{\"@id\":\"https:\/\/www.jagersrustvelden.nl\/#\/schema\/logo\/image\/\"}}]}<\/script>\n<!-- \/ Yoast SEO plugin. -->","yoast_head_json":{"title":"Venlose Aetb\u00f3n - Jagersrust Velden","robots":{"index":"index","follow":"follow","max-snippet":"max-snippet:-1","max-image-preview":"max-image-preview:large","max-video-preview":"max-video-preview:-1"},"canonical":"https:\/\/www.jagersrustvelden.nl\/de\/mogelijkheden\/venlose-aetbon\/","og_locale":"de_DE","og_type":"article","og_title":"Venlose Aetb\u00f3n - Jagersrust Velden","og_description":"Bij Jagersrust Velden kun je ook betalen met de Venlose Aetb\u00f3n, een gezellige en lokale diner-voucher uit de regio Venlo. De Groe\u00ebt Venlose Aetb\u00f3n is een maaltijdbon die je cadeau kunt geven of zelf kunt gebruiken bij verschillende restaurants en eetgelegenheden in Venlo en omgeving, waaronder dus ook bij ons! De Aetb\u00f3n wordt geaccepteerd bij [&hellip;]","og_url":"https:\/\/www.jagersrustvelden.nl\/de\/mogelijkheden\/venlose-aetbon\/","og_site_name":"Jagersrust Velden","article_modified_time":"2026-01-15T19:14:35+00:00","twitter_card":"summary_large_image","twitter_misc":{"Gesch\u00e4tzte Lesezeit":"1\u00a0Minute"},"schema":{"@context":"https:\/\/schema.org","@graph":[{"@type":"WebPage","@id":"https:\/\/www.jagersrustvelden.nl\/mogelijkheden\/venlose-aetbon\/","url":"https:\/\/www.jagersrustvelden.nl\/mogelijkheden\/venlose-aetbon\/","name":"Venlose Aetb\u00f3n - Jagersrust Velden","isPartOf":{"@id":"https:\/\/www.jagersrustvelden.nl\/#website"},"datePublished":"2025-12-22T10:41:35+00:00","dateModified":"2026-01-15T19:14:35+00:00","breadcrumb":{"@id":"https:\/\/www.jagersrustvelden.nl\/mogelijkheden\/venlose-aetbon\/#breadcrumb"},"inLanguage":"de","potentialAction":[{"@type":"ReadAction","target":["https:\/\/www.jagersrustvelden.nl\/mogelijkheden\/venlose-aetbon\/"]}]},{"@type":"BreadcrumbList","@id":"https:\/\/www.jagersrustvelden.nl\/mogelijkheden\/venlose-aetbon\/#breadcrumb","itemListElement":[{"@type":"ListItem","position":1,"name":"Home","item":"https:\/\/www.jagersrustvelden.nl\/"},{"@type":"ListItem","position":2,"name":"Mogelijkheden","item":"https:\/\/www.jagersrustvelden.nl\/mogelijkheden\/"},{"@type":"ListItem","position":3,"name":"Venlose Aetb\u00f3n"}]},{"@type":"WebSite","@id":"https:\/\/www.jagersrustvelden.nl\/#website","url":"https:\/\/www.jagersrustvelden.nl\/","name":"Hunters Rest Felder","description":"","publisher":{"@id":"https:\/\/www.jagersrustvelden.nl\/#organization"},"potentialAction":[{"@type":"SearchAction","target":{"@type":"EntryPoint","urlTemplate":"https:\/\/www.jagersrustvelden.nl\/?s={search_term_string}"},"query-input":{"@type":"PropertyValueSpecification","valueRequired":true,"valueName":"search_term_string"}}],"inLanguage":"de"},{"@type":"Organization","@id":"https:\/\/www.jagersrustvelden.nl\/#organization","name":"Hunters Rest Felder","url":"https:\/\/www.jagersrustvelden.nl\/","logo":{"@type":"ImageObject","inLanguage":"de","@id":"https:\/\/www.jagersrustvelden.nl\/#\/schema\/logo\/image\/","url":"https:\/\/www.jagersrustvelden.nl\/wp-content\/uploads\/2025\/12\/hangend-bord-lang-touw-web-1.png","contentUrl":"https:\/\/www.jagersrustvelden.nl\/wp-content\/uploads\/2025\/12\/hangend-bord-lang-touw-web-1.png","width":142,"height":203,"caption":"Jagersrust Velden"},"image":{"@id":"https:\/\/www.jagersrustvelden.nl\/#\/schema\/logo\/image\/"}}]}},"_links":{"self":[{"href":"https:\/\/www.jagersrustvelden.nl\/de\/wp-json\/wp\/v2\/pages\/320","targetHints":{"allow":["GET"]}}],"collection":[{"href":"https:\/\/www.jagersrustvelden.nl\/de\/wp-json\/wp\/v2\/pages"}],"about":[{"href":"https:\/\/www.jagersrustvelden.nl\/de\/wp-json\/wp\/v2\/types\/page"}],"author":[{"embeddable":true,"href":"https:\/\/www.jagersrustvelden.nl\/de\/wp-json\/wp\/v2\/users\/1"}],"replies":[{"embeddable":true,"href":"https:\/\/www.jagersrustvelden.nl\/de\/wp-json\/wp\/v2\/comments?post=320"}],"version-history":[{"count":7,"href":"https:\/\/www.jagersrustvelden.nl\/de\/wp-json\/wp\/v2\/pages\/320\/revisions"}],"predecessor-version":[{"id":1139,"href":"https:\/\/www.jagersrustvelden.nl\/de\/wp-json\/wp\/v2\/pages\/320\/revisions\/1139"}],"up":[{"embeddable":true,"href":"https:\/\/www.jagersrustvelden.nl\/de\/wp-json\/wp\/v2\/pages\/314"}],"wp:attachment":[{"href":"https:\/\/www.jagersrustvelden.nl\/de\/wp-json\/wp\/v2\/media?parent=320"}],"curies":[{"name":"wp","href":"https:\/\/api.w.org\/{rel}","templated":true}]}}