{"id":318,"date":"2025-12-22T11:41:09","date_gmt":"2025-12-22T10:41:09","guid":{"rendered":"https:\/\/www.jagersrustvelden.nl\/?page_id=318"},"modified":"2026-01-30T09:50:35","modified_gmt":"2026-01-30T08:50:35","slug":"cadeaubonnen","status":"publish","type":"page","link":"https:\/\/www.jagersrustvelden.nl\/de\/mogelijkheden\/cadeaubonnen\/","title":{"rendered":"Geschenkgutscheine"},"content":{"rendered":"<p>M\u00f6chten Sie jemanden mit einem lustigen und schmackhaften Geschenk \u00fcberraschen? Bei Jagersrust Velden k\u00f6nnen Sie einen Geschenkgutschein verschenken, mit dem Sie einem Freund, der Familie, einem Kollegen oder jemandem, den Sie \u00fcberraschen m\u00f6chten, ein gem\u00fctliches Mittagessen, ein Abendessen, ein Getr\u00e4nk oder einen Pfannkuchenausflug schenken k\u00f6nnen.<\/p>\n<p>Unsere Geschenkgutscheine sind ein perfektes Geschenk f\u00fcr jeden Anlass, z.B. f\u00fcr Geburtstage, Danksagungen, Feiertage oder einfach, weil Sie jemandem eine sch\u00f6ne Zeit zu zweit bereiten m\u00f6chten. Mit einem Geschenkgutschein hat der Beschenkte die freie Wahl, wann und wo er die herzliche Atmosph\u00e4re, den gastfreundlichen Service und die schmackhaften Gerichte des Jagersrust Velden genie\u00dfen m\u00f6chte.<\/p>\n<p>Ob Sie sich f\u00fcr einen gem\u00fctlichen Pfannkuchennachmittag mit den Kindern, einen entspannenden Drink auf unserer gr\u00fcnen Terrasse oder ein \u00fcppiges Abendessen mit Freunden entscheiden, unser Geschenkgutschein sorgt garantiert f\u00fcr ein schmackhaftes und genussvolles Erlebnis, das alle gl\u00fccklich macht.<\/p>\n<p>M\u00f6chten Sie einen Geschenkgutschein bestellen oder mehr \u00fcber die M\u00f6glichkeiten erfahren? Kommen Sie einfach vorbei und holen Sie den Gutschein ab, wir helfen Ihnen gerne bei der Zusammenstellung des perfekten Geschenks!<\/p>\n<p>Geschenkgutscheine sind w\u00e4hrend der \u00d6ffnungszeiten ab 10,00 \u20ac erh\u00e4ltlich.<\/p>","protected":false},"excerpt":{"rendered":"<p>Wil je iemand verrassen met een leuk en smakelijk cadeau? Bij Jagersrust Velden kun je een cadeaubon geven waarmee je een gezellige lunch, diner, drankje of een pannenkoek-uitje cadeau doet aan je vriendin, familie, collega of iemand die je wilt verrassen. Onze cadeaubonnen zijn een perfect cadeau voor elke gelegenheid, denk aan verjaardagen, bedankjes, feestdagen [&hellip;]<\/p>","protected":false},"author":1,"featured_media":0,"parent":314,"menu_order":0,"comment_status":"closed","ping_status":"closed","template":"","meta":{"_acf_changed":false,"footnotes":""},"class_list":["post-318","page","type-page","status-publish","hentry"],"acf":[],"yoast_head":"<!-- This site is optimized with the Yoast SEO plugin v26.8 - https:\/\/yoast.com\/product\/yoast-seo-wordpress\/ -->\n<title>Cadeaubonnen - Jagersrust Velden<\/title>\n<meta name=\"robots\" content=\"index, follow, max-snippet:-1, max-image-preview:large, max-video-preview:-1\" \/>\n<link rel=\"canonical\" href=\"https:\/\/www.jagersrustvelden.nl\/de\/mogelijkheden\/cadeaubonnen\/\" \/>\n<meta property=\"og:locale\" content=\"de_DE\" \/>\n<meta property=\"og:type\" content=\"article\" \/>\n<meta property=\"og:title\" content=\"Cadeaubonnen - Jagersrust Velden\" \/>\n<meta property=\"og:description\" content=\"Wil je iemand verrassen met een leuk en smakelijk cadeau? Bij Jagersrust Velden kun je een cadeaubon geven waarmee je een gezellige lunch, diner, drankje of een pannenkoek-uitje cadeau doet aan je vriendin, familie, collega of iemand die je wilt verrassen. Onze cadeaubonnen zijn een perfect cadeau voor elke gelegenheid, denk aan verjaardagen, bedankjes, feestdagen [&hellip;]\" \/>\n<meta property=\"og:url\" content=\"https:\/\/www.jagersrustvelden.nl\/de\/mogelijkheden\/cadeaubonnen\/\" \/>\n<meta property=\"og:site_name\" content=\"Jagersrust Velden\" \/>\n<meta property=\"article:modified_time\" content=\"2026-01-30T08:50:35+00:00\" \/>\n<meta name=\"twitter:card\" content=\"summary_large_image\" \/>\n<meta name=\"twitter:label1\" content=\"Gesch\u00e4tzte Lesezeit\" \/>\n\t<meta name=\"twitter:data1\" content=\"1\u00a0Minute\" \/>\n<script type=\"application\/ld+json\" class=\"yoast-schema-graph\">{\"@context\":\"https:\/\/schema.org\",\"@graph\":[{\"@type\":\"WebPage\",\"@id\":\"https:\/\/www.jagersrustvelden.nl\/mogelijkheden\/cadeaubonnen\/\",\"url\":\"https:\/\/www.jagersrustvelden.nl\/mogelijkheden\/cadeaubonnen\/\",\"name\":\"Cadeaubonnen - Jagersrust Velden\",\"isPartOf\":{\"@id\":\"https:\/\/www.jagersrustvelden.nl\/#website\"},\"datePublished\":\"2025-12-22T10:41:09+00:00\",\"dateModified\":\"2026-01-30T08:50:35+00:00\",\"breadcrumb\":{\"@id\":\"https:\/\/www.jagersrustvelden.nl\/mogelijkheden\/cadeaubonnen\/#breadcrumb\"},\"inLanguage\":\"de\",\"potentialAction\":[{\"@type\":\"ReadAction\",\"target\":[\"https:\/\/www.jagersrustvelden.nl\/mogelijkheden\/cadeaubonnen\/\"]}]},{\"@type\":\"BreadcrumbList\",\"@id\":\"https:\/\/www.jagersrustvelden.nl\/mogelijkheden\/cadeaubonnen\/#breadcrumb\",\"itemListElement\":[{\"@type\":\"ListItem\",\"position\":1,\"name\":\"Home\",\"item\":\"https:\/\/www.jagersrustvelden.nl\/\"},{\"@type\":\"ListItem\",\"position\":2,\"name\":\"Mogelijkheden\",\"item\":\"https:\/\/www.jagersrustvelden.nl\/mogelijkheden\/\"},{\"@type\":\"ListItem\",\"position\":3,\"name\":\"Cadeaubonnen\"}]},{\"@type\":\"WebSite\",\"@id\":\"https:\/\/www.jagersrustvelden.nl\/#website\",\"url\":\"https:\/\/www.jagersrustvelden.nl\/\",\"name\":\"Jagersrust Velden\",\"description\":\"\",\"publisher\":{\"@id\":\"https:\/\/www.jagersrustvelden.nl\/#organization\"},\"potentialAction\":[{\"@type\":\"SearchAction\",\"target\":{\"@type\":\"EntryPoint\",\"urlTemplate\":\"https:\/\/www.jagersrustvelden.nl\/?s={search_term_string}\"},\"query-input\":{\"@type\":\"PropertyValueSpecification\",\"valueRequired\":true,\"valueName\":\"search_term_string\"}}],\"inLanguage\":\"de\"},{\"@type\":\"Organization\",\"@id\":\"https:\/\/www.jagersrustvelden.nl\/#organization\",\"name\":\"Jagersrust Velden\",\"url\":\"https:\/\/www.jagersrustvelden.nl\/\",\"logo\":{\"@type\":\"ImageObject\",\"inLanguage\":\"de\",\"@id\":\"https:\/\/www.jagersrustvelden.nl\/#\/schema\/logo\/image\/\",\"url\":\"https:\/\/www.jagersrustvelden.nl\/wp-content\/uploads\/2025\/12\/hangend-bord-lang-touw-web-1.png\",\"contentUrl\":\"https:\/\/www.jagersrustvelden.nl\/wp-content\/uploads\/2025\/12\/hangend-bord-lang-touw-web-1.png\",\"width\":142,\"height\":203,\"caption\":\"Jagersrust Velden\"},\"image\":{\"@id\":\"https:\/\/www.jagersrustvelden.nl\/#\/schema\/logo\/image\/\"}}]}<\/script>\n<!-- \/ Yoast SEO plugin. -->","yoast_head_json":{"title":"Cadeaubonnen - Jagersrust Velden","robots":{"index":"index","follow":"follow","max-snippet":"max-snippet:-1","max-image-preview":"max-image-preview:large","max-video-preview":"max-video-preview:-1"},"canonical":"https:\/\/www.jagersrustvelden.nl\/de\/mogelijkheden\/cadeaubonnen\/","og_locale":"de_DE","og_type":"article","og_title":"Cadeaubonnen - Jagersrust Velden","og_description":"Wil je iemand verrassen met een leuk en smakelijk cadeau? Bij Jagersrust Velden kun je een cadeaubon geven waarmee je een gezellige lunch, diner, drankje of een pannenkoek-uitje cadeau doet aan je vriendin, familie, collega of iemand die je wilt verrassen. Onze cadeaubonnen zijn een perfect cadeau voor elke gelegenheid, denk aan verjaardagen, bedankjes, feestdagen [&hellip;]","og_url":"https:\/\/www.jagersrustvelden.nl\/de\/mogelijkheden\/cadeaubonnen\/","og_site_name":"Jagersrust Velden","article_modified_time":"2026-01-30T08:50:35+00:00","twitter_card":"summary_large_image","twitter_misc":{"Gesch\u00e4tzte Lesezeit":"1\u00a0Minute"},"schema":{"@context":"https:\/\/schema.org","@graph":[{"@type":"WebPage","@id":"https:\/\/www.jagersrustvelden.nl\/mogelijkheden\/cadeaubonnen\/","url":"https:\/\/www.jagersrustvelden.nl\/mogelijkheden\/cadeaubonnen\/","name":"Cadeaubonnen - Jagersrust Velden","isPartOf":{"@id":"https:\/\/www.jagersrustvelden.nl\/#website"},"datePublished":"2025-12-22T10:41:09+00:00","dateModified":"2026-01-30T08:50:35+00:00","breadcrumb":{"@id":"https:\/\/www.jagersrustvelden.nl\/mogelijkheden\/cadeaubonnen\/#breadcrumb"},"inLanguage":"de","potentialAction":[{"@type":"ReadAction","target":["https:\/\/www.jagersrustvelden.nl\/mogelijkheden\/cadeaubonnen\/"]}]},{"@type":"BreadcrumbList","@id":"https:\/\/www.jagersrustvelden.nl\/mogelijkheden\/cadeaubonnen\/#breadcrumb","itemListElement":[{"@type":"ListItem","position":1,"name":"Home","item":"https:\/\/www.jagersrustvelden.nl\/"},{"@type":"ListItem","position":2,"name":"Mogelijkheden","item":"https:\/\/www.jagersrustvelden.nl\/mogelijkheden\/"},{"@type":"ListItem","position":3,"name":"Cadeaubonnen"}]},{"@type":"WebSite","@id":"https:\/\/www.jagersrustvelden.nl\/#website","url":"https:\/\/www.jagersrustvelden.nl\/","name":"Hunters Rest Felder","description":"","publisher":{"@id":"https:\/\/www.jagersrustvelden.nl\/#organization"},"potentialAction":[{"@type":"SearchAction","target":{"@type":"EntryPoint","urlTemplate":"https:\/\/www.jagersrustvelden.nl\/?s={search_term_string}"},"query-input":{"@type":"PropertyValueSpecification","valueRequired":true,"valueName":"search_term_string"}}],"inLanguage":"de"},{"@type":"Organization","@id":"https:\/\/www.jagersrustvelden.nl\/#organization","name":"Hunters Rest Felder","url":"https:\/\/www.jagersrustvelden.nl\/","logo":{"@type":"ImageObject","inLanguage":"de","@id":"https:\/\/www.jagersrustvelden.nl\/#\/schema\/logo\/image\/","url":"https:\/\/www.jagersrustvelden.nl\/wp-content\/uploads\/2025\/12\/hangend-bord-lang-touw-web-1.png","contentUrl":"https:\/\/www.jagersrustvelden.nl\/wp-content\/uploads\/2025\/12\/hangend-bord-lang-touw-web-1.png","width":142,"height":203,"caption":"Jagersrust Velden"},"image":{"@id":"https:\/\/www.jagersrustvelden.nl\/#\/schema\/logo\/image\/"}}]}},"_links":{"self":[{"href":"https:\/\/www.jagersrustvelden.nl\/de\/wp-json\/wp\/v2\/pages\/318","targetHints":{"allow":["GET"]}}],"collection":[{"href":"https:\/\/www.jagersrustvelden.nl\/de\/wp-json\/wp\/v2\/pages"}],"about":[{"href":"https:\/\/www.jagersrustvelden.nl\/de\/wp-json\/wp\/v2\/types\/page"}],"author":[{"embeddable":true,"href":"https:\/\/www.jagersrustvelden.nl\/de\/wp-json\/wp\/v2\/users\/1"}],"replies":[{"embeddable":true,"href":"https:\/\/www.jagersrustvelden.nl\/de\/wp-json\/wp\/v2\/comments?post=318"}],"version-history":[{"count":11,"href":"https:\/\/www.jagersrustvelden.nl\/de\/wp-json\/wp\/v2\/pages\/318\/revisions"}],"predecessor-version":[{"id":1227,"href":"https:\/\/www.jagersrustvelden.nl\/de\/wp-json\/wp\/v2\/pages\/318\/revisions\/1227"}],"up":[{"embeddable":true,"href":"https:\/\/www.jagersrustvelden.nl\/de\/wp-json\/wp\/v2\/pages\/314"}],"wp:attachment":[{"href":"https:\/\/www.jagersrustvelden.nl\/de\/wp-json\/wp\/v2\/media?parent=318"}],"curies":[{"name":"wp","href":"https:\/\/api.w.org\/{rel}","templated":true}]}}