{"id":316,"date":"2025-12-22T11:40:59","date_gmt":"2025-12-22T10:40:59","guid":{"rendered":"https:\/\/www.jagersrustvelden.nl\/?page_id=316"},"modified":"2026-01-30T11:25:36","modified_gmt":"2026-01-30T10:25:36","slug":"kinderfeestje","status":"publish","type":"page","link":"https:\/\/www.jagersrustvelden.nl\/de\/mogelijkheden\/kinderfeestje\/","title":{"rendered":"Kinderfest"},"content":{"rendered":"<p>Bei Jagersrust Velden erleben Sie eine unvergessliche Kinderparty! Unser Veranstaltungsort ist ideal f\u00fcr einen lustigen und aktiven Geburtstag voller Spa\u00df, leckerem Essen und Abenteuer im Freien.<\/p>\n<p>Ab 6 Kindern k\u00f6nnen Sie eine Party bei uns buchen (rufen Sie 077 4721937 an, um die Verf\u00fcgbarkeit und Einzelheiten zu erfahren). Wir begr\u00fc\u00dfen Sie mit einem festlichen Empfang mit Limonade, und dann beginnt der eigentliche Spa\u00df!<\/p>\n<p><strong>Was k\u00f6nnen Sie erwarten?<\/strong><\/p>\n<ul>\n<li>Feiern Sie am Tisch mit Freunden, genie\u00dfen Sie leckere Pfannkuchen und Getr\u00e4nke in gem\u00fctlicher Atmosph\u00e4re.<\/li>\n<li>Spielen auf dem Spielplatz: Nach dem Abendessen k\u00f6nnen sich die Kinder auf unserem gro\u00dfz\u00fcgigen Spielplatz im Freien beim Springen, Klettern, Rutschen und Sandburgenbauen vergn\u00fcgen.<\/li>\n<li>Abenteuer auf dem Schmuggelpfad, machen Sie die Party zu einem echten Abenteuer! Erkunden Sie gemeinsam den anspruchsvollen Schmugglerpfad in der Natur rund um Jagersrust und lassen Sie die Kinder sowohl Bewegung als auch Entdeckung genie\u00dfen.<\/li>\n<li>Eine Auswahl an lustigen Kindermen\u00fcs, vom klassischen Pfannkuchen mit Belag bis hin zu Pommes frites mit Snacks, und nat\u00fcrlich ein festliches Dessert, um das Ganze abzurunden!<\/li>\n<\/ul>\n<p>Mit unserer Kombination aus gutem Essen, Spielen im Freien und Abenteuern wird die Kinderparty zu einem Tag voller L\u00e4cheln, Energie und toller Erinnerungen, genau wie ein Geburtstag sein sollte!<\/p>\n<p>Kinderfeste finden sonntags statt <strong>nicht<\/strong> m\u00f6glich.<\/p>","protected":false},"excerpt":{"rendered":"<p>Bij Jagersrust Velden beleef je een kinderfeestje om nooit te vergeten! Onze locatie is ideaal voor een gezellige en actieve verjaardag vol plezier, lekker eten en avontuur in de buitenlucht. Vanaf 6 kinderen kun je een feest bij ons reserveren (bel 077 4721937 voor beschikbaarheid en details). We verwelkomen jullie met een feestelijk ontvangst inclusief [&hellip;]<\/p>","protected":false},"author":1,"featured_media":0,"parent":314,"menu_order":0,"comment_status":"closed","ping_status":"closed","template":"","meta":{"_acf_changed":false,"footnotes":""},"class_list":["post-316","page","type-page","status-publish","hentry"],"acf":[],"yoast_head":"<!-- This site is optimized with the Yoast SEO plugin v26.8 - https:\/\/yoast.com\/product\/yoast-seo-wordpress\/ -->\n<title>Kinderfeestje - Jagersrust Velden<\/title>\n<meta name=\"robots\" content=\"index, follow, max-snippet:-1, max-image-preview:large, max-video-preview:-1\" \/>\n<link rel=\"canonical\" href=\"https:\/\/www.jagersrustvelden.nl\/de\/mogelijkheden\/kinderfeestje\/\" \/>\n<meta property=\"og:locale\" content=\"de_DE\" \/>\n<meta property=\"og:type\" content=\"article\" \/>\n<meta property=\"og:title\" content=\"Kinderfeestje - Jagersrust Velden\" \/>\n<meta property=\"og:description\" content=\"Bij Jagersrust Velden beleef je een kinderfeestje om nooit te vergeten! Onze locatie is ideaal voor een gezellige en actieve verjaardag vol plezier, lekker eten en avontuur in de buitenlucht. Vanaf 6 kinderen kun je een feest bij ons reserveren (bel 077 4721937 voor beschikbaarheid en details). We verwelkomen jullie met een feestelijk ontvangst inclusief [&hellip;]\" \/>\n<meta property=\"og:url\" content=\"https:\/\/www.jagersrustvelden.nl\/de\/mogelijkheden\/kinderfeestje\/\" \/>\n<meta property=\"og:site_name\" content=\"Jagersrust Velden\" \/>\n<meta property=\"article:modified_time\" content=\"2026-01-30T10:25:36+00:00\" \/>\n<meta name=\"twitter:card\" content=\"summary_large_image\" \/>\n<meta name=\"twitter:label1\" content=\"Gesch\u00e4tzte Lesezeit\" \/>\n\t<meta name=\"twitter:data1\" content=\"1\u00a0Minute\" \/>\n<script type=\"application\/ld+json\" class=\"yoast-schema-graph\">{\"@context\":\"https:\/\/schema.org\",\"@graph\":[{\"@type\":\"WebPage\",\"@id\":\"https:\/\/www.jagersrustvelden.nl\/mogelijkheden\/kinderfeestje\/\",\"url\":\"https:\/\/www.jagersrustvelden.nl\/mogelijkheden\/kinderfeestje\/\",\"name\":\"Kinderfeestje - Jagersrust Velden\",\"isPartOf\":{\"@id\":\"https:\/\/www.jagersrustvelden.nl\/#website\"},\"datePublished\":\"2025-12-22T10:40:59+00:00\",\"dateModified\":\"2026-01-30T10:25:36+00:00\",\"breadcrumb\":{\"@id\":\"https:\/\/www.jagersrustvelden.nl\/mogelijkheden\/kinderfeestje\/#breadcrumb\"},\"inLanguage\":\"de\",\"potentialAction\":[{\"@type\":\"ReadAction\",\"target\":[\"https:\/\/www.jagersrustvelden.nl\/mogelijkheden\/kinderfeestje\/\"]}]},{\"@type\":\"BreadcrumbList\",\"@id\":\"https:\/\/www.jagersrustvelden.nl\/mogelijkheden\/kinderfeestje\/#breadcrumb\",\"itemListElement\":[{\"@type\":\"ListItem\",\"position\":1,\"name\":\"Home\",\"item\":\"https:\/\/www.jagersrustvelden.nl\/\"},{\"@type\":\"ListItem\",\"position\":2,\"name\":\"Mogelijkheden\",\"item\":\"https:\/\/www.jagersrustvelden.nl\/mogelijkheden\/\"},{\"@type\":\"ListItem\",\"position\":3,\"name\":\"Kinderfeestje\"}]},{\"@type\":\"WebSite\",\"@id\":\"https:\/\/www.jagersrustvelden.nl\/#website\",\"url\":\"https:\/\/www.jagersrustvelden.nl\/\",\"name\":\"Jagersrust Velden\",\"description\":\"\",\"publisher\":{\"@id\":\"https:\/\/www.jagersrustvelden.nl\/#organization\"},\"potentialAction\":[{\"@type\":\"SearchAction\",\"target\":{\"@type\":\"EntryPoint\",\"urlTemplate\":\"https:\/\/www.jagersrustvelden.nl\/?s={search_term_string}\"},\"query-input\":{\"@type\":\"PropertyValueSpecification\",\"valueRequired\":true,\"valueName\":\"search_term_string\"}}],\"inLanguage\":\"de\"},{\"@type\":\"Organization\",\"@id\":\"https:\/\/www.jagersrustvelden.nl\/#organization\",\"name\":\"Jagersrust Velden\",\"url\":\"https:\/\/www.jagersrustvelden.nl\/\",\"logo\":{\"@type\":\"ImageObject\",\"inLanguage\":\"de\",\"@id\":\"https:\/\/www.jagersrustvelden.nl\/#\/schema\/logo\/image\/\",\"url\":\"https:\/\/www.jagersrustvelden.nl\/wp-content\/uploads\/2025\/12\/hangend-bord-lang-touw-web-1.png\",\"contentUrl\":\"https:\/\/www.jagersrustvelden.nl\/wp-content\/uploads\/2025\/12\/hangend-bord-lang-touw-web-1.png\",\"width\":142,\"height\":203,\"caption\":\"Jagersrust Velden\"},\"image\":{\"@id\":\"https:\/\/www.jagersrustvelden.nl\/#\/schema\/logo\/image\/\"}}]}<\/script>\n<!-- \/ Yoast SEO plugin. -->","yoast_head_json":{"title":"Kinderfeestje - Jagersrust Velden","robots":{"index":"index","follow":"follow","max-snippet":"max-snippet:-1","max-image-preview":"max-image-preview:large","max-video-preview":"max-video-preview:-1"},"canonical":"https:\/\/www.jagersrustvelden.nl\/de\/mogelijkheden\/kinderfeestje\/","og_locale":"de_DE","og_type":"article","og_title":"Kinderfeestje - Jagersrust Velden","og_description":"Bij Jagersrust Velden beleef je een kinderfeestje om nooit te vergeten! Onze locatie is ideaal voor een gezellige en actieve verjaardag vol plezier, lekker eten en avontuur in de buitenlucht. Vanaf 6 kinderen kun je een feest bij ons reserveren (bel 077 4721937 voor beschikbaarheid en details). We verwelkomen jullie met een feestelijk ontvangst inclusief [&hellip;]","og_url":"https:\/\/www.jagersrustvelden.nl\/de\/mogelijkheden\/kinderfeestje\/","og_site_name":"Jagersrust Velden","article_modified_time":"2026-01-30T10:25:36+00:00","twitter_card":"summary_large_image","twitter_misc":{"Gesch\u00e4tzte Lesezeit":"1\u00a0Minute"},"schema":{"@context":"https:\/\/schema.org","@graph":[{"@type":"WebPage","@id":"https:\/\/www.jagersrustvelden.nl\/mogelijkheden\/kinderfeestje\/","url":"https:\/\/www.jagersrustvelden.nl\/mogelijkheden\/kinderfeestje\/","name":"Kinderfeestje - Jagersrust Velden","isPartOf":{"@id":"https:\/\/www.jagersrustvelden.nl\/#website"},"datePublished":"2025-12-22T10:40:59+00:00","dateModified":"2026-01-30T10:25:36+00:00","breadcrumb":{"@id":"https:\/\/www.jagersrustvelden.nl\/mogelijkheden\/kinderfeestje\/#breadcrumb"},"inLanguage":"de","potentialAction":[{"@type":"ReadAction","target":["https:\/\/www.jagersrustvelden.nl\/mogelijkheden\/kinderfeestje\/"]}]},{"@type":"BreadcrumbList","@id":"https:\/\/www.jagersrustvelden.nl\/mogelijkheden\/kinderfeestje\/#breadcrumb","itemListElement":[{"@type":"ListItem","position":1,"name":"Home","item":"https:\/\/www.jagersrustvelden.nl\/"},{"@type":"ListItem","position":2,"name":"Mogelijkheden","item":"https:\/\/www.jagersrustvelden.nl\/mogelijkheden\/"},{"@type":"ListItem","position":3,"name":"Kinderfeestje"}]},{"@type":"WebSite","@id":"https:\/\/www.jagersrustvelden.nl\/#website","url":"https:\/\/www.jagersrustvelden.nl\/","name":"Hunters Rest Felder","description":"","publisher":{"@id":"https:\/\/www.jagersrustvelden.nl\/#organization"},"potentialAction":[{"@type":"SearchAction","target":{"@type":"EntryPoint","urlTemplate":"https:\/\/www.jagersrustvelden.nl\/?s={search_term_string}"},"query-input":{"@type":"PropertyValueSpecification","valueRequired":true,"valueName":"search_term_string"}}],"inLanguage":"de"},{"@type":"Organization","@id":"https:\/\/www.jagersrustvelden.nl\/#organization","name":"Hunters Rest Felder","url":"https:\/\/www.jagersrustvelden.nl\/","logo":{"@type":"ImageObject","inLanguage":"de","@id":"https:\/\/www.jagersrustvelden.nl\/#\/schema\/logo\/image\/","url":"https:\/\/www.jagersrustvelden.nl\/wp-content\/uploads\/2025\/12\/hangend-bord-lang-touw-web-1.png","contentUrl":"https:\/\/www.jagersrustvelden.nl\/wp-content\/uploads\/2025\/12\/hangend-bord-lang-touw-web-1.png","width":142,"height":203,"caption":"Jagersrust Velden"},"image":{"@id":"https:\/\/www.jagersrustvelden.nl\/#\/schema\/logo\/image\/"}}]}},"_links":{"self":[{"href":"https:\/\/www.jagersrustvelden.nl\/de\/wp-json\/wp\/v2\/pages\/316","targetHints":{"allow":["GET"]}}],"collection":[{"href":"https:\/\/www.jagersrustvelden.nl\/de\/wp-json\/wp\/v2\/pages"}],"about":[{"href":"https:\/\/www.jagersrustvelden.nl\/de\/wp-json\/wp\/v2\/types\/page"}],"author":[{"embeddable":true,"href":"https:\/\/www.jagersrustvelden.nl\/de\/wp-json\/wp\/v2\/users\/1"}],"replies":[{"embeddable":true,"href":"https:\/\/www.jagersrustvelden.nl\/de\/wp-json\/wp\/v2\/comments?post=316"}],"version-history":[{"count":9,"href":"https:\/\/www.jagersrustvelden.nl\/de\/wp-json\/wp\/v2\/pages\/316\/revisions"}],"predecessor-version":[{"id":1245,"href":"https:\/\/www.jagersrustvelden.nl\/de\/wp-json\/wp\/v2\/pages\/316\/revisions\/1245"}],"up":[{"embeddable":true,"href":"https:\/\/www.jagersrustvelden.nl\/de\/wp-json\/wp\/v2\/pages\/314"}],"wp:attachment":[{"href":"https:\/\/www.jagersrustvelden.nl\/de\/wp-json\/wp\/v2\/media?parent=316"}],"curies":[{"name":"wp","href":"https:\/\/api.w.org\/{rel}","templated":true}]}}