{"id":300,"date":"2025-12-22T11:37:08","date_gmt":"2025-12-22T10:37:08","guid":{"rendered":"https:\/\/www.jagersrustvelden.nl\/?page_id=300"},"modified":"2026-02-06T13:18:46","modified_gmt":"2026-02-06T12:18:46","slug":"wandelroutes","status":"publish","type":"page","link":"https:\/\/www.jagersrustvelden.nl\/de\/wandelroutes\/","title":{"rendered":"Wanderwege"},"content":{"rendered":"<div data-elementor-type=\"wp-page\" data-elementor-id=\"300\" class=\"elementor elementor-300\" data-elementor-post-type=\"page\">\n\t\t\t\t<div class=\"elementor-element elementor-element-a9be9d2 e-flex e-con-boxed e-con e-parent\" data-id=\"a9be9d2\" data-element_type=\"container\">\n\t\t\t\t\t<div class=\"e-con-inner\">\n\t\t\t\t<div class=\"elementor-element elementor-element-cc427c7 elementor-widget__width-inherit elementor-widget-tablet__width-inherit elementor-widget elementor-widget-heading\" data-id=\"cc427c7\" data-element_type=\"widget\" data-widget_type=\"heading.default\">\n\t\t\t\t\t<h1 class=\"elementor-heading-title elementor-size-default\">Unsere Wanderwege<\/h1>\t\t\t\t<\/div>\n\t\t\t\t\t<\/div>\n\t\t\t\t<\/div>\n\t\t<div class=\"elementor-element elementor-element-206f208 e-grid e-con-full e-con e-child\" data-id=\"206f208\" data-element_type=\"container\">\n\t\t<div class=\"elementor-element elementor-element-fd9c700 e-con-full e-flex elementor-invisible e-con e-child\" data-id=\"fd9c700\" data-element_type=\"container\" data-settings=\"{&quot;background_background&quot;:&quot;classic&quot;,&quot;animation&quot;:&quot;fadeInUp&quot;}\">\n\t\t\t\t<div class=\"elementor-element elementor-element-10a05b9 elementor-widget elementor-widget-image\" data-id=\"10a05b9\" data-element_type=\"widget\" data-widget_type=\"image.default\">\n\t\t\t\t\t\t\t\t\t\t\t\t\t\t\t<img fetchpriority=\"high\" decoding=\"async\" width=\"2000\" height=\"1415\" src=\"https:\/\/www.jagersrustvelden.nl\/wp-content\/uploads\/2025\/12\/plattegrond-smokkelpad.webp\" class=\"attachment-full size-full wp-image-537\" alt=\"\" srcset=\"https:\/\/www.jagersrustvelden.nl\/wp-content\/uploads\/2025\/12\/plattegrond-smokkelpad.webp 2000w, https:\/\/www.jagersrustvelden.nl\/wp-content\/uploads\/2025\/12\/plattegrond-smokkelpad-300x212.webp 300w, https:\/\/www.jagersrustvelden.nl\/wp-content\/uploads\/2025\/12\/plattegrond-smokkelpad-1024x724.webp 1024w, https:\/\/www.jagersrustvelden.nl\/wp-content\/uploads\/2025\/12\/plattegrond-smokkelpad-768x543.webp 768w, https:\/\/www.jagersrustvelden.nl\/wp-content\/uploads\/2025\/12\/plattegrond-smokkelpad-1536x1087.webp 1536w\" sizes=\"(max-width: 2000px) 100vw, 2000px\" \/>\t\t\t\t\t\t\t\t\t\t\t\t\t\t\t<\/div>\n\t\t<div class=\"elementor-element elementor-element-4a8f154 e-con-full e-flex e-con e-child\" data-id=\"4a8f154\" data-element_type=\"container\">\n\t\t<div class=\"elementor-element elementor-element-37ee98d e-con-full e-flex e-con e-child\" data-id=\"37ee98d\" data-element_type=\"container\">\n\t\t\t\t<div class=\"elementor-element elementor-element-fd65990 elementor-widget elementor-widget-heading\" data-id=\"fd65990\" data-element_type=\"widget\" data-widget_type=\"heading.default\">\n\t\t\t\t\t<h2 class=\"elementor-heading-title elementor-size-default\">Spur des Schmuggels<\/h2>\t\t\t\t<\/div>\n\t\t\t\t<div class=\"elementor-element elementor-element-b7666ef elementor-widget elementor-widget-text-editor\" data-id=\"b7666ef\" data-element_type=\"widget\" data-widget_type=\"text-editor.default\">\n\t\t\t\t\t\t\t\t\tDer Smokkelpad bei Jagersrust ist ein abenteuerlicher, grenz\u00fcberschreitender Wander- und Spielpfad durch Feld und Wald, auf dem man wie ein echter Schmuggler klettern und die Natur erkunden kann.\t\t\t\t\t\t\t\t<\/div>\n\t\t\t\t<\/div>\n\t\t\t\t<div class=\"elementor-element elementor-element-0ba3ca8 elementor-widget elementor-widget-button\" data-id=\"0ba3ca8\" data-element_type=\"widget\" data-widget_type=\"button.default\">\n\t\t\t\t\t\t\t\t\t\t<a class=\"elementor-button elementor-button-link elementor-size-sm\" href=\"https:\/\/www.jagersrustvelden.nl\/de\/smokkelpad\/\">\n\t\t\t\t\t\t<span class=\"elementor-button-content-wrapper\">\n\t\t\t\t\t\t\t\t\t<span class=\"elementor-button-text\">Mehr lesen<\/span>\n\t\t\t\t\t<\/span>\n\t\t\t\t\t<\/a>\n\t\t\t\t\t\t\t\t<\/div>\n\t\t\t\t<\/div>\n\t\t\t\t<\/div>\n\t\t<div class=\"elementor-element elementor-element-0e41576 e-con-full e-flex elementor-invisible e-con e-child\" data-id=\"0e41576\" data-element_type=\"container\" data-settings=\"{&quot;background_background&quot;:&quot;classic&quot;,&quot;animation&quot;:&quot;fadeInUp&quot;,&quot;animation_delay&quot;:50}\">\n\t\t\t\t<div class=\"elementor-element elementor-element-ffbdc5f elementor-widget elementor-widget-image\" data-id=\"ffbdc5f\" data-element_type=\"widget\" data-widget_type=\"image.default\">\n\t\t\t\t\t\t\t\t\t\t\t\t\t\t\t<img decoding=\"async\" width=\"320\" height=\"350\" src=\"https:\/\/www.jagersrustvelden.nl\/wp-content\/uploads\/2026\/01\/4481746.png\" class=\"attachment-full size-full wp-image-1153\" alt=\"\" srcset=\"https:\/\/www.jagersrustvelden.nl\/wp-content\/uploads\/2026\/01\/4481746.png 320w, https:\/\/www.jagersrustvelden.nl\/wp-content\/uploads\/2026\/01\/4481746-274x300.png 274w\" sizes=\"(max-width: 320px) 100vw, 320px\" \/>\t\t\t\t\t\t\t\t\t\t\t\t\t\t\t<\/div>\n\t\t<div class=\"elementor-element elementor-element-4dc0717 e-con-full e-flex e-con e-child\" data-id=\"4dc0717\" data-element_type=\"container\">\n\t\t<div class=\"elementor-element elementor-element-b94d4a1 e-con-full e-flex e-con e-child\" data-id=\"b94d4a1\" data-element_type=\"container\">\n\t\t\t\t<div class=\"elementor-element elementor-element-4451d56 elementor-widget elementor-widget-heading\" data-id=\"4451d56\" data-element_type=\"widget\" data-widget_type=\"heading.default\">\n\t\t\t\t\t<h2 class=\"elementor-heading-title elementor-size-default\">Tour von Klein Holland in Deutschland\n<\/h2>\t\t\t\t<\/div>\n\t\t\t\t<div class=\"elementor-element elementor-element-a0fc92b elementor-widget elementor-widget-text-editor\" data-id=\"a0fc92b\" data-element_type=\"widget\" data-widget_type=\"text-editor.default\">\n\t\t\t\t\t\t\t\t\tSie starten in Jagersrust und wandern durch den Nationalpark de Maasduinen, vorbei an abwechslungsreichen Sandlandschaften und einem St\u00fcck der deutsch-niederl\u00e4ndischen Grenze, bevor Sie wieder in den Wald eintauchen.\t\t\t\t\t\t\t\t<\/div>\n\t\t\t\t<\/div>\n\t\t\t\t<div class=\"elementor-element elementor-element-1cef69f elementor-widget elementor-widget-button\" data-id=\"1cef69f\" data-element_type=\"widget\" data-widget_type=\"button.default\">\n\t\t\t\t\t\t\t\t\t\t<a class=\"elementor-button elementor-button-link elementor-size-sm\" href=\"https:\/\/routiq.com\/nl\/route\/4481746\/rondje-klein-holland-in-duitsland\" target=\"_blank\">\n\t\t\t\t\t\t<span class=\"elementor-button-content-wrapper\">\n\t\t\t\t\t\t\t\t\t<span class=\"elementor-button-text\">Mehr lesen<\/span>\n\t\t\t\t\t<\/span>\n\t\t\t\t\t<\/a>\n\t\t\t\t\t\t\t\t<\/div>\n\t\t\t\t<\/div>\n\t\t\t\t<\/div>\n\t\t<div class=\"elementor-element elementor-element-b7fbf61 e-con-full e-flex elementor-invisible e-con e-child\" data-id=\"b7fbf61\" data-element_type=\"container\" data-settings=\"{&quot;background_background&quot;:&quot;classic&quot;,&quot;animation&quot;:&quot;fadeInUp&quot;,&quot;animation_delay&quot;:100}\">\n\t\t\t\t<div class=\"elementor-element elementor-element-70e4ebb elementor-widget elementor-widget-image\" data-id=\"70e4ebb\" data-element_type=\"widget\" data-widget_type=\"image.default\">\n\t\t\t\t\t\t\t\t\t\t\t\t\t\t\t<img decoding=\"async\" width=\"320\" height=\"350\" src=\"https:\/\/www.jagersrustvelden.nl\/wp-content\/uploads\/2026\/01\/4481752.png\" class=\"attachment-full size-full wp-image-1154\" alt=\"\" srcset=\"https:\/\/www.jagersrustvelden.nl\/wp-content\/uploads\/2026\/01\/4481752.png 320w, https:\/\/www.jagersrustvelden.nl\/wp-content\/uploads\/2026\/01\/4481752-274x300.png 274w\" sizes=\"(max-width: 320px) 100vw, 320px\" \/>\t\t\t\t\t\t\t\t\t\t\t\t\t\t\t<\/div>\n\t\t<div class=\"elementor-element elementor-element-41cbdd0 e-con-full e-flex e-con e-child\" data-id=\"41cbdd0\" data-element_type=\"container\">\n\t\t<div class=\"elementor-element elementor-element-2e26583 e-con-full e-flex e-con e-child\" data-id=\"2e26583\" data-element_type=\"container\">\n\t\t\t\t<div class=\"elementor-element elementor-element-c8c29f4 elementor-widget elementor-widget-heading\" data-id=\"c8c29f4\" data-element_type=\"widget\" data-widget_type=\"heading.default\">\n\t\t\t\t\t<h2 class=\"elementor-heading-title elementor-size-default\">Grenzrundwanderung nach Straelen\n<\/h2>\t\t\t\t<\/div>\n\t\t\t\t<div class=\"elementor-element elementor-element-cf56f05 elementor-widget elementor-widget-text-editor\" data-id=\"cf56f05\" data-element_type=\"widget\" data-widget_type=\"text-editor.default\">\n\t\t\t\t\t\t\t\t\tSie starten in Jagersrust in den Maasduinen, \u00fcberqueren bald die deutsche Grenze in Richtung Straelen und wandern durch das abwechslungsreiche Naturschutzgebiet \u00fcber die Schandelose Heide zur\u00fcck.\t\t\t\t\t\t\t\t<\/div>\n\t\t\t\t<\/div>\n\t\t\t\t<div class=\"elementor-element elementor-element-1a16e23 elementor-widget elementor-widget-button\" data-id=\"1a16e23\" data-element_type=\"widget\" data-widget_type=\"button.default\">\n\t\t\t\t\t\t\t\t\t\t<a class=\"elementor-button elementor-button-link elementor-size-sm\" href=\"https:\/\/routiq.com\/nl\/route\/4481752\/rondje-grenswandelen-naar-straelen\" target=\"_blank\">\n\t\t\t\t\t\t<span class=\"elementor-button-content-wrapper\">\n\t\t\t\t\t\t\t\t\t<span class=\"elementor-button-text\">Mehr lesen<\/span>\n\t\t\t\t\t<\/span>\n\t\t\t\t\t<\/a>\n\t\t\t\t\t\t\t\t<\/div>\n\t\t\t\t<\/div>\n\t\t\t\t<\/div>\n\t\t<div class=\"elementor-element elementor-element-2b591fc e-con-full e-flex elementor-invisible e-con e-child\" data-id=\"2b591fc\" data-element_type=\"container\" data-settings=\"{&quot;background_background&quot;:&quot;classic&quot;,&quot;animation&quot;:&quot;fadeInUp&quot;,&quot;animation_delay&quot;:100}\">\n\t\t\t\t<div class=\"elementor-element elementor-element-4f269d0 elementor-widget elementor-widget-image\" data-id=\"4f269d0\" data-element_type=\"widget\" data-widget_type=\"image.default\">\n\t\t\t\t\t\t\t\t\t\t\t\t\t\t\t<img loading=\"lazy\" decoding=\"async\" width=\"320\" height=\"350\" src=\"https:\/\/www.jagersrustvelden.nl\/wp-content\/uploads\/2026\/01\/5037376.png\" class=\"attachment-full size-full wp-image-1155\" alt=\"\" srcset=\"https:\/\/www.jagersrustvelden.nl\/wp-content\/uploads\/2026\/01\/5037376.png 320w, https:\/\/www.jagersrustvelden.nl\/wp-content\/uploads\/2026\/01\/5037376-274x300.png 274w\" sizes=\"(max-width: 320px) 100vw, 320px\" \/>\t\t\t\t\t\t\t\t\t\t\t\t\t\t\t<\/div>\n\t\t<div class=\"elementor-element elementor-element-87ba27c e-con-full e-flex e-con e-child\" data-id=\"87ba27c\" data-element_type=\"container\">\n\t\t<div class=\"elementor-element elementor-element-8aea708 e-con-full e-flex e-con e-child\" data-id=\"8aea708\" data-element_type=\"container\">\n\t\t\t\t<div class=\"elementor-element elementor-element-58ced4a elementor-widget elementor-widget-heading\" data-id=\"58ced4a\" data-element_type=\"widget\" data-widget_type=\"heading.default\">\n\t\t\t\t\t<h2 class=\"elementor-heading-title elementor-size-default\">Spaziergang Ravenvennen\n<\/h2>\t\t\t\t<\/div>\n\t\t\t\t<div class=\"elementor-element elementor-element-d85ef61 elementor-widget elementor-widget-text-editor\" data-id=\"d85ef61\" data-element_type=\"widget\" data-widget_type=\"text-editor.default\">\n\t\t\t\t\t\t\t\t\tDiese ruhige Route durch die Ravenvennen im Nationalpark Maasduinen f\u00fchrt durch Moore, Heide, W\u00e4lder und Wanderd\u00fcnen und endet mit einem Imbiss und Getr\u00e4nk bei Jagersrust.\t\t\t\t\t\t\t\t<\/div>\n\t\t\t\t<\/div>\n\t\t\t\t<div class=\"elementor-element elementor-element-9200f22 elementor-widget elementor-widget-button\" data-id=\"9200f22\" data-element_type=\"widget\" data-widget_type=\"button.default\">\n\t\t\t\t\t\t\t\t\t\t<a class=\"elementor-button elementor-button-link elementor-size-sm\" href=\"https:\/\/routiq.com\/nl\/route\/5037376\/wandeling-ravenvennen\" target=\"_blank\">\n\t\t\t\t\t\t<span class=\"elementor-button-content-wrapper\">\n\t\t\t\t\t\t\t\t\t<span class=\"elementor-button-text\">Mehr lesen<\/span>\n\t\t\t\t\t<\/span>\n\t\t\t\t\t<\/a>\n\t\t\t\t\t\t\t\t<\/div>\n\t\t\t\t<\/div>\n\t\t\t\t<\/div>\n\t\t<div class=\"elementor-element elementor-element-9569521 e-con-full e-flex elementor-invisible e-con e-child\" data-id=\"9569521\" data-element_type=\"container\" data-settings=\"{&quot;background_background&quot;:&quot;classic&quot;,&quot;animation&quot;:&quot;fadeInUp&quot;,&quot;animation_delay&quot;:100}\">\n\t\t\t\t<div class=\"elementor-element elementor-element-71e465b elementor-widget elementor-widget-image\" data-id=\"71e465b\" data-element_type=\"widget\" data-widget_type=\"image.default\">\n\t\t\t\t\t\t\t\t\t\t\t\t\t\t\t<img loading=\"lazy\" decoding=\"async\" width=\"320\" height=\"350\" src=\"https:\/\/www.jagersrustvelden.nl\/wp-content\/uploads\/2026\/01\/4488252.png\" class=\"attachment-full size-full wp-image-1156\" alt=\"\" srcset=\"https:\/\/www.jagersrustvelden.nl\/wp-content\/uploads\/2026\/01\/4488252.png 320w, https:\/\/www.jagersrustvelden.nl\/wp-content\/uploads\/2026\/01\/4488252-274x300.png 274w\" sizes=\"(max-width: 320px) 100vw, 320px\" \/>\t\t\t\t\t\t\t\t\t\t\t\t\t\t\t<\/div>\n\t\t<div class=\"elementor-element elementor-element-225c6d8 e-con-full e-flex e-con e-child\" data-id=\"225c6d8\" data-element_type=\"container\">\n\t\t<div class=\"elementor-element elementor-element-ff13ed5 e-con-full e-flex e-con e-child\" data-id=\"ff13ed5\" data-element_type=\"container\">\n\t\t\t\t<div class=\"elementor-element elementor-element-d7cca41 elementor-widget elementor-widget-heading\" data-id=\"d7cca41\" data-element_type=\"widget\" data-widget_type=\"heading.default\">\n\t\t\t\t\t<h2 class=\"elementor-heading-title elementor-size-default\">Jagdlust 12\n<\/h2>\t\t\t\t<\/div>\n\t\t\t\t<div class=\"elementor-element elementor-element-54568af elementor-widget elementor-widget-text-editor\" data-id=\"54568af\" data-element_type=\"widget\" data-widget_type=\"text-editor.default\">\n\t\t\t\t\t\t\t\t\tDie Wanderroute Jagerslust 12 beginnt in Jagersrust, f\u00fchrt durch eine abwechslungsreiche Landschaft \u00fcber die Felder und das Dorf Schandelo und endet wieder in Jagersrust.\t\t\t\t\t\t\t\t<\/div>\n\t\t\t\t<\/div>\n\t\t\t\t<div class=\"elementor-element elementor-element-eb9f6ed elementor-widget elementor-widget-button\" data-id=\"eb9f6ed\" data-element_type=\"widget\" data-widget_type=\"button.default\">\n\t\t\t\t\t\t\t\t\t\t<a class=\"elementor-button elementor-button-link elementor-size-sm\" href=\"https:\/\/routiq.com\/nl\/route\/4488252\/jagerslust-12\" target=\"_blank\">\n\t\t\t\t\t\t<span class=\"elementor-button-content-wrapper\">\n\t\t\t\t\t\t\t\t\t<span class=\"elementor-button-text\">Mehr lesen<\/span>\n\t\t\t\t\t<\/span>\n\t\t\t\t\t<\/a>\n\t\t\t\t\t\t\t\t<\/div>\n\t\t\t\t<\/div>\n\t\t\t\t<\/div>\n\t\t\t\t<\/div>\n\t\t\t\t<\/div>","protected":false},"excerpt":{"rendered":"<p>Onze wandelroutes Smokkelpad Het Smokkelpad bij Jagersrust is een avontuurlijk grensoverschrijdend wandel- en speelpad door velden en bos waar je als echte smokkelaar kunt klauteren en de natuur ontdekken. Lees meer Rondje Klein Holland in Duitsland Je start bij Jagersrust en wandelt door Nationaal Park de Maasduinen langs afwisselende zandlandschappen en een stuk van de [&hellip;]<\/p>","protected":false},"author":1,"featured_media":0,"parent":0,"menu_order":0,"comment_status":"closed","ping_status":"closed","template":"","meta":{"_acf_changed":false,"footnotes":""},"class_list":["post-300","page","type-page","status-publish","hentry"],"acf":[],"yoast_head":"<!-- This site is optimized with the Yoast SEO plugin v26.8 - https:\/\/yoast.com\/product\/yoast-seo-wordpress\/ -->\n<title>Wandelroutes - Jagersrust Velden<\/title>\n<meta name=\"robots\" content=\"index, follow, max-snippet:-1, max-image-preview:large, max-video-preview:-1\" \/>\n<link rel=\"canonical\" href=\"https:\/\/www.jagersrustvelden.nl\/de\/wandelroutes\/\" \/>\n<meta property=\"og:locale\" content=\"de_DE\" \/>\n<meta property=\"og:type\" content=\"article\" \/>\n<meta property=\"og:title\" content=\"Wandelroutes - Jagersrust Velden\" \/>\n<meta property=\"og:description\" content=\"Onze wandelroutes Smokkelpad Het Smokkelpad bij Jagersrust is een avontuurlijk grensoverschrijdend wandel- en speelpad door velden en bos waar je als echte smokkelaar kunt klauteren en de natuur ontdekken. Lees meer Rondje Klein Holland in Duitsland Je start bij Jagersrust en wandelt door Nationaal Park de Maasduinen langs afwisselende zandlandschappen en een stuk van de [&hellip;]\" \/>\n<meta property=\"og:url\" content=\"https:\/\/www.jagersrustvelden.nl\/de\/wandelroutes\/\" \/>\n<meta property=\"og:site_name\" content=\"Jagersrust Velden\" \/>\n<meta property=\"article:modified_time\" content=\"2026-02-06T12:18:46+00:00\" \/>\n<meta property=\"og:image\" content=\"https:\/\/www.jagersrustvelden.nl\/wp-content\/uploads\/2025\/12\/plattegrond-smokkelpad.webp\" \/>\n\t<meta property=\"og:image:width\" content=\"2000\" \/>\n\t<meta property=\"og:image:height\" content=\"1415\" \/>\n\t<meta property=\"og:image:type\" content=\"image\/webp\" \/>\n<meta name=\"twitter:card\" content=\"summary_large_image\" \/>\n<meta name=\"twitter:label1\" content=\"Gesch\u00e4tzte Lesezeit\" \/>\n\t<meta name=\"twitter:data1\" content=\"1\u00a0Minute\" \/>\n<script type=\"application\/ld+json\" class=\"yoast-schema-graph\">{\"@context\":\"https:\/\/schema.org\",\"@graph\":[{\"@type\":\"WebPage\",\"@id\":\"https:\/\/www.jagersrustvelden.nl\/wandelroutes\/\",\"url\":\"https:\/\/www.jagersrustvelden.nl\/wandelroutes\/\",\"name\":\"Wandelroutes - Jagersrust Velden\",\"isPartOf\":{\"@id\":\"https:\/\/www.jagersrustvelden.nl\/#website\"},\"primaryImageOfPage\":{\"@id\":\"https:\/\/www.jagersrustvelden.nl\/wandelroutes\/#primaryimage\"},\"image\":{\"@id\":\"https:\/\/www.jagersrustvelden.nl\/wandelroutes\/#primaryimage\"},\"thumbnailUrl\":\"https:\/\/www.jagersrustvelden.nl\/wp-content\/uploads\/2025\/12\/plattegrond-smokkelpad.webp\",\"datePublished\":\"2025-12-22T10:37:08+00:00\",\"dateModified\":\"2026-02-06T12:18:46+00:00\",\"breadcrumb\":{\"@id\":\"https:\/\/www.jagersrustvelden.nl\/wandelroutes\/#breadcrumb\"},\"inLanguage\":\"de\",\"potentialAction\":[{\"@type\":\"ReadAction\",\"target\":[\"https:\/\/www.jagersrustvelden.nl\/wandelroutes\/\"]}]},{\"@type\":\"ImageObject\",\"inLanguage\":\"de\",\"@id\":\"https:\/\/www.jagersrustvelden.nl\/wandelroutes\/#primaryimage\",\"url\":\"https:\/\/www.jagersrustvelden.nl\/wp-content\/uploads\/2025\/12\/plattegrond-smokkelpad.webp\",\"contentUrl\":\"https:\/\/www.jagersrustvelden.nl\/wp-content\/uploads\/2025\/12\/plattegrond-smokkelpad.webp\"},{\"@type\":\"BreadcrumbList\",\"@id\":\"https:\/\/www.jagersrustvelden.nl\/wandelroutes\/#breadcrumb\",\"itemListElement\":[{\"@type\":\"ListItem\",\"position\":1,\"name\":\"Home\",\"item\":\"https:\/\/www.jagersrustvelden.nl\/\"},{\"@type\":\"ListItem\",\"position\":2,\"name\":\"Wandelroutes\"}]},{\"@type\":\"WebSite\",\"@id\":\"https:\/\/www.jagersrustvelden.nl\/#website\",\"url\":\"https:\/\/www.jagersrustvelden.nl\/\",\"name\":\"Jagersrust Velden\",\"description\":\"\",\"publisher\":{\"@id\":\"https:\/\/www.jagersrustvelden.nl\/#organization\"},\"potentialAction\":[{\"@type\":\"SearchAction\",\"target\":{\"@type\":\"EntryPoint\",\"urlTemplate\":\"https:\/\/www.jagersrustvelden.nl\/?s={search_term_string}\"},\"query-input\":{\"@type\":\"PropertyValueSpecification\",\"valueRequired\":true,\"valueName\":\"search_term_string\"}}],\"inLanguage\":\"de\"},{\"@type\":\"Organization\",\"@id\":\"https:\/\/www.jagersrustvelden.nl\/#organization\",\"name\":\"Jagersrust Velden\",\"url\":\"https:\/\/www.jagersrustvelden.nl\/\",\"logo\":{\"@type\":\"ImageObject\",\"inLanguage\":\"de\",\"@id\":\"https:\/\/www.jagersrustvelden.nl\/#\/schema\/logo\/image\/\",\"url\":\"https:\/\/www.jagersrustvelden.nl\/wp-content\/uploads\/2025\/12\/hangend-bord-lang-touw-web-1.png\",\"contentUrl\":\"https:\/\/www.jagersrustvelden.nl\/wp-content\/uploads\/2025\/12\/hangend-bord-lang-touw-web-1.png\",\"width\":142,\"height\":203,\"caption\":\"Jagersrust Velden\"},\"image\":{\"@id\":\"https:\/\/www.jagersrustvelden.nl\/#\/schema\/logo\/image\/\"}}]}<\/script>\n<!-- \/ Yoast SEO plugin. -->","yoast_head_json":{"title":"Wandelroutes - Jagersrust Velden","robots":{"index":"index","follow":"follow","max-snippet":"max-snippet:-1","max-image-preview":"max-image-preview:large","max-video-preview":"max-video-preview:-1"},"canonical":"https:\/\/www.jagersrustvelden.nl\/de\/wandelroutes\/","og_locale":"de_DE","og_type":"article","og_title":"Wandelroutes - Jagersrust Velden","og_description":"Onze wandelroutes Smokkelpad Het Smokkelpad bij Jagersrust is een avontuurlijk grensoverschrijdend wandel- en speelpad door velden en bos waar je als echte smokkelaar kunt klauteren en de natuur ontdekken. Lees meer Rondje Klein Holland in Duitsland Je start bij Jagersrust en wandelt door Nationaal Park de Maasduinen langs afwisselende zandlandschappen en een stuk van de [&hellip;]","og_url":"https:\/\/www.jagersrustvelden.nl\/de\/wandelroutes\/","og_site_name":"Jagersrust Velden","article_modified_time":"2026-02-06T12:18:46+00:00","og_image":[{"width":2000,"height":1415,"url":"https:\/\/www.jagersrustvelden.nl\/wp-content\/uploads\/2025\/12\/plattegrond-smokkelpad.webp","type":"image\/webp"}],"twitter_card":"summary_large_image","twitter_misc":{"Gesch\u00e4tzte Lesezeit":"1\u00a0Minute"},"schema":{"@context":"https:\/\/schema.org","@graph":[{"@type":"WebPage","@id":"https:\/\/www.jagersrustvelden.nl\/wandelroutes\/","url":"https:\/\/www.jagersrustvelden.nl\/wandelroutes\/","name":"Wandelroutes - Jagersrust Velden","isPartOf":{"@id":"https:\/\/www.jagersrustvelden.nl\/#website"},"primaryImageOfPage":{"@id":"https:\/\/www.jagersrustvelden.nl\/wandelroutes\/#primaryimage"},"image":{"@id":"https:\/\/www.jagersrustvelden.nl\/wandelroutes\/#primaryimage"},"thumbnailUrl":"https:\/\/www.jagersrustvelden.nl\/wp-content\/uploads\/2025\/12\/plattegrond-smokkelpad.webp","datePublished":"2025-12-22T10:37:08+00:00","dateModified":"2026-02-06T12:18:46+00:00","breadcrumb":{"@id":"https:\/\/www.jagersrustvelden.nl\/wandelroutes\/#breadcrumb"},"inLanguage":"de","potentialAction":[{"@type":"ReadAction","target":["https:\/\/www.jagersrustvelden.nl\/wandelroutes\/"]}]},{"@type":"ImageObject","inLanguage":"de","@id":"https:\/\/www.jagersrustvelden.nl\/wandelroutes\/#primaryimage","url":"https:\/\/www.jagersrustvelden.nl\/wp-content\/uploads\/2025\/12\/plattegrond-smokkelpad.webp","contentUrl":"https:\/\/www.jagersrustvelden.nl\/wp-content\/uploads\/2025\/12\/plattegrond-smokkelpad.webp"},{"@type":"BreadcrumbList","@id":"https:\/\/www.jagersrustvelden.nl\/wandelroutes\/#breadcrumb","itemListElement":[{"@type":"ListItem","position":1,"name":"Home","item":"https:\/\/www.jagersrustvelden.nl\/"},{"@type":"ListItem","position":2,"name":"Wandelroutes"}]},{"@type":"WebSite","@id":"https:\/\/www.jagersrustvelden.nl\/#website","url":"https:\/\/www.jagersrustvelden.nl\/","name":"Hunters Rest Felder","description":"","publisher":{"@id":"https:\/\/www.jagersrustvelden.nl\/#organization"},"potentialAction":[{"@type":"SearchAction","target":{"@type":"EntryPoint","urlTemplate":"https:\/\/www.jagersrustvelden.nl\/?s={search_term_string}"},"query-input":{"@type":"PropertyValueSpecification","valueRequired":true,"valueName":"search_term_string"}}],"inLanguage":"de"},{"@type":"Organization","@id":"https:\/\/www.jagersrustvelden.nl\/#organization","name":"Hunters Rest Felder","url":"https:\/\/www.jagersrustvelden.nl\/","logo":{"@type":"ImageObject","inLanguage":"de","@id":"https:\/\/www.jagersrustvelden.nl\/#\/schema\/logo\/image\/","url":"https:\/\/www.jagersrustvelden.nl\/wp-content\/uploads\/2025\/12\/hangend-bord-lang-touw-web-1.png","contentUrl":"https:\/\/www.jagersrustvelden.nl\/wp-content\/uploads\/2025\/12\/hangend-bord-lang-touw-web-1.png","width":142,"height":203,"caption":"Jagersrust Velden"},"image":{"@id":"https:\/\/www.jagersrustvelden.nl\/#\/schema\/logo\/image\/"}}]}},"_links":{"self":[{"href":"https:\/\/www.jagersrustvelden.nl\/de\/wp-json\/wp\/v2\/pages\/300","targetHints":{"allow":["GET"]}}],"collection":[{"href":"https:\/\/www.jagersrustvelden.nl\/de\/wp-json\/wp\/v2\/pages"}],"about":[{"href":"https:\/\/www.jagersrustvelden.nl\/de\/wp-json\/wp\/v2\/types\/page"}],"author":[{"embeddable":true,"href":"https:\/\/www.jagersrustvelden.nl\/de\/wp-json\/wp\/v2\/users\/1"}],"replies":[{"embeddable":true,"href":"https:\/\/www.jagersrustvelden.nl\/de\/wp-json\/wp\/v2\/comments?post=300"}],"version-history":[{"count":86,"href":"https:\/\/www.jagersrustvelden.nl\/de\/wp-json\/wp\/v2\/pages\/300\/revisions"}],"predecessor-version":[{"id":1281,"href":"https:\/\/www.jagersrustvelden.nl\/de\/wp-json\/wp\/v2\/pages\/300\/revisions\/1281"}],"wp:attachment":[{"href":"https:\/\/www.jagersrustvelden.nl\/de\/wp-json\/wp\/v2\/media?parent=300"}],"curies":[{"name":"wp","href":"https:\/\/api.w.org\/{rel}","templated":true}]}}