{"id":287,"date":"2025-12-22T11:34:42","date_gmt":"2025-12-22T10:34:42","guid":{"rendered":"https:\/\/www.jagersrustvelden.nl\/?page_id=287"},"modified":"2026-01-15T20:03:59","modified_gmt":"2026-01-15T19:03:59","slug":"terras","status":"publish","type":"page","link":"https:\/\/www.jagersrustvelden.nl\/de\/terras\/","title":{"rendered":"Terrasse"},"content":{"rendered":"<p>Unsere ger\u00e4umige und attraktive Terrasse im Jagersrust Velden ist ein wunderbarer Ort zum Entspannen und Genie\u00dfen der Natur. Umgeben von viel Gr\u00fcn, am Rande der W\u00e4lder von Velden, bietet unsere Terrasse eine ruhige und nat\u00fcrliche Umgebung, in der Sie sich in aller Ruhe mit einem Snack und einem Getr\u00e4nk entspannen k\u00f6nnen. Die Sonne im Gesicht, ein erfrischendes Getr\u00e4nk in der Hand und die Ger\u00e4usche der Natur um Sie herum machen dies zu einem idealen Ort f\u00fcr jede Tageszeit, ein entspanntes Mittagessen, einen gem\u00fctlichen Drink oder ein \u00fcppiges Abendessen an der frischen Luft.<\/p>\n<p>W\u00e4hrend Sie selbst die Ruhe und die Aussicht genie\u00dfen, k\u00f6nnen sich die Kinder auf dem angrenzenden Spielplatz nach Herzenslust austoben. Hier k\u00f6nnen sie klettern, spielen und toben und haben jede Menge Spa\u00df, w\u00e4hrend Sie den Moment genie\u00dfen. Dank der kinderfreundlichen Atmosph\u00e4re und des Spielplatzes ist die Terrasse ein beliebter Anlaufpunkt f\u00fcr Familien, aber auch Freunde und Kollegen treffen sich hier gerne, um gute Gesellschaft und gutes Essen zu genie\u00dfen.<\/p>\n<p>Ob bei sommerlicher Hitze oder an einem frischen Fr\u00fchlingsnachmittag - die Terrasse des Jagersrust Velden ist der perfekte Ort, um die Seele baumeln zu lassen und die Natur in einer einladenden und entspannten Atmosph\u00e4re zu genie\u00dfen.<\/p>","protected":false},"excerpt":{"rendered":"<p>Ons ruime en sfeervolle terras bij Jagersrust Velden is een heerlijke plek om te ontspannen en te genieten van de buitenlucht. Midden in het groen, aan de rand van de bossen van Velden, biedt ons terras een rustige en natuurlijke setting waar je in alle rust kunt bijkomen met een hapje en een drankje. De [&hellip;]<\/p>","protected":false},"author":1,"featured_media":0,"parent":0,"menu_order":0,"comment_status":"closed","ping_status":"closed","template":"","meta":{"_acf_changed":false,"footnotes":""},"class_list":["post-287","page","type-page","status-publish","hentry"],"acf":[],"yoast_head":"<!-- This site is optimized with the Yoast SEO plugin v26.8 - https:\/\/yoast.com\/product\/yoast-seo-wordpress\/ -->\n<title>Terras - Jagersrust Velden<\/title>\n<meta name=\"robots\" content=\"index, follow, max-snippet:-1, max-image-preview:large, max-video-preview:-1\" \/>\n<link rel=\"canonical\" href=\"https:\/\/www.jagersrustvelden.nl\/de\/terras\/\" \/>\n<meta property=\"og:locale\" content=\"de_DE\" \/>\n<meta property=\"og:type\" content=\"article\" \/>\n<meta property=\"og:title\" content=\"Terras - Jagersrust Velden\" \/>\n<meta property=\"og:description\" content=\"Ons ruime en sfeervolle terras bij Jagersrust Velden is een heerlijke plek om te ontspannen en te genieten van de buitenlucht. Midden in het groen, aan de rand van de bossen van Velden, biedt ons terras een rustige en natuurlijke setting waar je in alle rust kunt bijkomen met een hapje en een drankje. De [&hellip;]\" \/>\n<meta property=\"og:url\" content=\"https:\/\/www.jagersrustvelden.nl\/de\/terras\/\" \/>\n<meta property=\"og:site_name\" content=\"Jagersrust Velden\" \/>\n<meta property=\"article:modified_time\" content=\"2026-01-15T19:03:59+00:00\" \/>\n<meta name=\"twitter:card\" content=\"summary_large_image\" \/>\n<meta name=\"twitter:label1\" content=\"Gesch\u00e4tzte Lesezeit\" \/>\n\t<meta name=\"twitter:data1\" content=\"2\u00a0Minuten\" \/>\n<script type=\"application\/ld+json\" class=\"yoast-schema-graph\">{\"@context\":\"https:\/\/schema.org\",\"@graph\":[{\"@type\":\"WebPage\",\"@id\":\"https:\/\/www.jagersrustvelden.nl\/terras\/\",\"url\":\"https:\/\/www.jagersrustvelden.nl\/terras\/\",\"name\":\"Terras - Jagersrust Velden\",\"isPartOf\":{\"@id\":\"https:\/\/www.jagersrustvelden.nl\/#website\"},\"datePublished\":\"2025-12-22T10:34:42+00:00\",\"dateModified\":\"2026-01-15T19:03:59+00:00\",\"breadcrumb\":{\"@id\":\"https:\/\/www.jagersrustvelden.nl\/terras\/#breadcrumb\"},\"inLanguage\":\"de\",\"potentialAction\":[{\"@type\":\"ReadAction\",\"target\":[\"https:\/\/www.jagersrustvelden.nl\/terras\/\"]}]},{\"@type\":\"BreadcrumbList\",\"@id\":\"https:\/\/www.jagersrustvelden.nl\/terras\/#breadcrumb\",\"itemListElement\":[{\"@type\":\"ListItem\",\"position\":1,\"name\":\"Home\",\"item\":\"https:\/\/www.jagersrustvelden.nl\/\"},{\"@type\":\"ListItem\",\"position\":2,\"name\":\"Terras\"}]},{\"@type\":\"WebSite\",\"@id\":\"https:\/\/www.jagersrustvelden.nl\/#website\",\"url\":\"https:\/\/www.jagersrustvelden.nl\/\",\"name\":\"Jagersrust Velden\",\"description\":\"\",\"publisher\":{\"@id\":\"https:\/\/www.jagersrustvelden.nl\/#organization\"},\"potentialAction\":[{\"@type\":\"SearchAction\",\"target\":{\"@type\":\"EntryPoint\",\"urlTemplate\":\"https:\/\/www.jagersrustvelden.nl\/?s={search_term_string}\"},\"query-input\":{\"@type\":\"PropertyValueSpecification\",\"valueRequired\":true,\"valueName\":\"search_term_string\"}}],\"inLanguage\":\"de\"},{\"@type\":\"Organization\",\"@id\":\"https:\/\/www.jagersrustvelden.nl\/#organization\",\"name\":\"Jagersrust Velden\",\"url\":\"https:\/\/www.jagersrustvelden.nl\/\",\"logo\":{\"@type\":\"ImageObject\",\"inLanguage\":\"de\",\"@id\":\"https:\/\/www.jagersrustvelden.nl\/#\/schema\/logo\/image\/\",\"url\":\"https:\/\/www.jagersrustvelden.nl\/wp-content\/uploads\/2025\/12\/hangend-bord-lang-touw-web-1.png\",\"contentUrl\":\"https:\/\/www.jagersrustvelden.nl\/wp-content\/uploads\/2025\/12\/hangend-bord-lang-touw-web-1.png\",\"width\":142,\"height\":203,\"caption\":\"Jagersrust Velden\"},\"image\":{\"@id\":\"https:\/\/www.jagersrustvelden.nl\/#\/schema\/logo\/image\/\"}}]}<\/script>\n<!-- \/ Yoast SEO plugin. -->","yoast_head_json":{"title":"Terras - Jagersrust Velden","robots":{"index":"index","follow":"follow","max-snippet":"max-snippet:-1","max-image-preview":"max-image-preview:large","max-video-preview":"max-video-preview:-1"},"canonical":"https:\/\/www.jagersrustvelden.nl\/de\/terras\/","og_locale":"de_DE","og_type":"article","og_title":"Terras - Jagersrust Velden","og_description":"Ons ruime en sfeervolle terras bij Jagersrust Velden is een heerlijke plek om te ontspannen en te genieten van de buitenlucht. Midden in het groen, aan de rand van de bossen van Velden, biedt ons terras een rustige en natuurlijke setting waar je in alle rust kunt bijkomen met een hapje en een drankje. De [&hellip;]","og_url":"https:\/\/www.jagersrustvelden.nl\/de\/terras\/","og_site_name":"Jagersrust Velden","article_modified_time":"2026-01-15T19:03:59+00:00","twitter_card":"summary_large_image","twitter_misc":{"Gesch\u00e4tzte Lesezeit":"2\u00a0Minuten"},"schema":{"@context":"https:\/\/schema.org","@graph":[{"@type":"WebPage","@id":"https:\/\/www.jagersrustvelden.nl\/terras\/","url":"https:\/\/www.jagersrustvelden.nl\/terras\/","name":"Terras - Jagersrust Velden","isPartOf":{"@id":"https:\/\/www.jagersrustvelden.nl\/#website"},"datePublished":"2025-12-22T10:34:42+00:00","dateModified":"2026-01-15T19:03:59+00:00","breadcrumb":{"@id":"https:\/\/www.jagersrustvelden.nl\/terras\/#breadcrumb"},"inLanguage":"de","potentialAction":[{"@type":"ReadAction","target":["https:\/\/www.jagersrustvelden.nl\/terras\/"]}]},{"@type":"BreadcrumbList","@id":"https:\/\/www.jagersrustvelden.nl\/terras\/#breadcrumb","itemListElement":[{"@type":"ListItem","position":1,"name":"Home","item":"https:\/\/www.jagersrustvelden.nl\/"},{"@type":"ListItem","position":2,"name":"Terras"}]},{"@type":"WebSite","@id":"https:\/\/www.jagersrustvelden.nl\/#website","url":"https:\/\/www.jagersrustvelden.nl\/","name":"Hunters Rest Felder","description":"","publisher":{"@id":"https:\/\/www.jagersrustvelden.nl\/#organization"},"potentialAction":[{"@type":"SearchAction","target":{"@type":"EntryPoint","urlTemplate":"https:\/\/www.jagersrustvelden.nl\/?s={search_term_string}"},"query-input":{"@type":"PropertyValueSpecification","valueRequired":true,"valueName":"search_term_string"}}],"inLanguage":"de"},{"@type":"Organization","@id":"https:\/\/www.jagersrustvelden.nl\/#organization","name":"Hunters Rest Felder","url":"https:\/\/www.jagersrustvelden.nl\/","logo":{"@type":"ImageObject","inLanguage":"de","@id":"https:\/\/www.jagersrustvelden.nl\/#\/schema\/logo\/image\/","url":"https:\/\/www.jagersrustvelden.nl\/wp-content\/uploads\/2025\/12\/hangend-bord-lang-touw-web-1.png","contentUrl":"https:\/\/www.jagersrustvelden.nl\/wp-content\/uploads\/2025\/12\/hangend-bord-lang-touw-web-1.png","width":142,"height":203,"caption":"Jagersrust Velden"},"image":{"@id":"https:\/\/www.jagersrustvelden.nl\/#\/schema\/logo\/image\/"}}]}},"_links":{"self":[{"href":"https:\/\/www.jagersrustvelden.nl\/de\/wp-json\/wp\/v2\/pages\/287","targetHints":{"allow":["GET"]}}],"collection":[{"href":"https:\/\/www.jagersrustvelden.nl\/de\/wp-json\/wp\/v2\/pages"}],"about":[{"href":"https:\/\/www.jagersrustvelden.nl\/de\/wp-json\/wp\/v2\/types\/page"}],"author":[{"embeddable":true,"href":"https:\/\/www.jagersrustvelden.nl\/de\/wp-json\/wp\/v2\/users\/1"}],"replies":[{"embeddable":true,"href":"https:\/\/www.jagersrustvelden.nl\/de\/wp-json\/wp\/v2\/comments?post=287"}],"version-history":[{"count":8,"href":"https:\/\/www.jagersrustvelden.nl\/de\/wp-json\/wp\/v2\/pages\/287\/revisions"}],"predecessor-version":[{"id":1131,"href":"https:\/\/www.jagersrustvelden.nl\/de\/wp-json\/wp\/v2\/pages\/287\/revisions\/1131"}],"wp:attachment":[{"href":"https:\/\/www.jagersrustvelden.nl\/de\/wp-json\/wp\/v2\/media?parent=287"}],"curies":[{"name":"wp","href":"https:\/\/api.w.org\/{rel}","templated":true}]}}