{"id":285,"date":"2025-12-22T11:34:29","date_gmt":"2025-12-22T10:34:29","guid":{"rendered":"https:\/\/www.jagersrustvelden.nl\/?page_id=285"},"modified":"2026-01-19T13:37:26","modified_gmt":"2026-01-19T12:37:26","slug":"restaurant","status":"publish","type":"page","link":"https:\/\/www.jagersrustvelden.nl\/de\/restaurant\/","title":{"rendered":"Restaurant"},"content":{"rendered":"<p>Seit mehr als vierzig Jahren sind wir f\u00fcr unsere traditionell gebackenen Pfannkuchen bekannt, die nach \u00fcberlieferten Rezepten zubereitet und mit den besten Zutaten aus der Region verfeinert werden, aber unser Angebot ist viel umfangreicher als nur Pfannkuchen.<\/p>\n<p>Auf unserer abwechslungsreichen Mittag- und Abendkarte finden Sie neben Klassikern auch leckere Eint\u00f6pfe, frische Salate und andere schmackhafte Gerichte f\u00fcr jede Tageszeit. Ob Sie nun Lust auf ein gem\u00fctliches Mittagessen, ein \u00fcppiges Abendessen oder einfach nur auf einen gem\u00fctlichen Drink mit Spezialbieren vom Fass haben, bei uns sind Sie richtig.<\/p>\n<p>Bei Jagersrust steht das gemeinsame Genie\u00dfen im Vordergrund. Ob Sie mit der Familie, mit Freunden oder mit Kollegen kommen, unsere herzliche Atmosph\u00e4re und unser gastfreundlicher Service machen jeden Besuch zu etwas Besonderem. Auch Kinder f\u00fchlen sich bei uns wohl, denn auf unserer speziellen Kinderkarte und im Spielbereich mit Spielplatz und abenteuerlichem Schmugglerpfad k\u00f6nnen sie nach Herzenslust toben.<\/p>\n<p>Kommen Sie vorbei, probieren Sie die k\u00f6stlichen Gerichte und genie\u00dfen Sie einen entspannten Nachmittag oder Abend bei Jagersrust, einem Ort, an dem guter Geschmack, Geselligkeit und ein freundlicher Empfang zusammenkommen.<\/p>","protected":false},"excerpt":{"rendered":"<p>Al meer dan veertig jaar staan we bekend om onze ambachtelijk gebakken pannenkoeken, bereid volgens traditionele recepten en rijkelijk belegd met de allerbeste ingredi\u00ebnten uit de regio, maar ons aanbod is veel uitgebreider dan alleen pannenkoeken. Op onze gevarieerde lunch- en dinerkaart vind je naast klassiekers ook smakelijke stoofpotjes, frisse salades en andere smaakvolle gerechten [&hellip;]<\/p>","protected":false},"author":1,"featured_media":0,"parent":0,"menu_order":0,"comment_status":"closed","ping_status":"closed","template":"","meta":{"_acf_changed":false,"footnotes":""},"class_list":["post-285","page","type-page","status-publish","hentry"],"acf":[],"yoast_head":"<!-- This site is optimized with the Yoast SEO plugin v26.8 - https:\/\/yoast.com\/product\/yoast-seo-wordpress\/ -->\n<title>Restaurant - Jagersrust Velden<\/title>\n<meta name=\"robots\" content=\"index, follow, max-snippet:-1, max-image-preview:large, max-video-preview:-1\" \/>\n<link rel=\"canonical\" href=\"https:\/\/www.jagersrustvelden.nl\/de\/restaurant\/\" \/>\n<meta property=\"og:locale\" content=\"de_DE\" \/>\n<meta property=\"og:type\" content=\"article\" \/>\n<meta property=\"og:title\" content=\"Restaurant - Jagersrust Velden\" \/>\n<meta property=\"og:description\" content=\"Al meer dan veertig jaar staan we bekend om onze ambachtelijk gebakken pannenkoeken, bereid volgens traditionele recepten en rijkelijk belegd met de allerbeste ingredi\u00ebnten uit de regio, maar ons aanbod is veel uitgebreider dan alleen pannenkoeken. Op onze gevarieerde lunch- en dinerkaart vind je naast klassiekers ook smakelijke stoofpotjes, frisse salades en andere smaakvolle gerechten [&hellip;]\" \/>\n<meta property=\"og:url\" content=\"https:\/\/www.jagersrustvelden.nl\/de\/restaurant\/\" \/>\n<meta property=\"og:site_name\" content=\"Jagersrust Velden\" \/>\n<meta property=\"article:modified_time\" content=\"2026-01-19T12:37:26+00:00\" \/>\n<meta name=\"twitter:card\" content=\"summary_large_image\" \/>\n<meta name=\"twitter:label1\" content=\"Gesch\u00e4tzte Lesezeit\" \/>\n\t<meta name=\"twitter:data1\" content=\"1\u00a0Minute\" \/>\n<script type=\"application\/ld+json\" class=\"yoast-schema-graph\">{\"@context\":\"https:\/\/schema.org\",\"@graph\":[{\"@type\":\"WebPage\",\"@id\":\"https:\/\/www.jagersrustvelden.nl\/restaurant\/\",\"url\":\"https:\/\/www.jagersrustvelden.nl\/restaurant\/\",\"name\":\"Restaurant - Jagersrust Velden\",\"isPartOf\":{\"@id\":\"https:\/\/www.jagersrustvelden.nl\/#website\"},\"datePublished\":\"2025-12-22T10:34:29+00:00\",\"dateModified\":\"2026-01-19T12:37:26+00:00\",\"breadcrumb\":{\"@id\":\"https:\/\/www.jagersrustvelden.nl\/restaurant\/#breadcrumb\"},\"inLanguage\":\"de\",\"potentialAction\":[{\"@type\":\"ReadAction\",\"target\":[\"https:\/\/www.jagersrustvelden.nl\/restaurant\/\"]}]},{\"@type\":\"BreadcrumbList\",\"@id\":\"https:\/\/www.jagersrustvelden.nl\/restaurant\/#breadcrumb\",\"itemListElement\":[{\"@type\":\"ListItem\",\"position\":1,\"name\":\"Home\",\"item\":\"https:\/\/www.jagersrustvelden.nl\/\"},{\"@type\":\"ListItem\",\"position\":2,\"name\":\"Restaurant\"}]},{\"@type\":\"WebSite\",\"@id\":\"https:\/\/www.jagersrustvelden.nl\/#website\",\"url\":\"https:\/\/www.jagersrustvelden.nl\/\",\"name\":\"Jagersrust Velden\",\"description\":\"\",\"publisher\":{\"@id\":\"https:\/\/www.jagersrustvelden.nl\/#organization\"},\"potentialAction\":[{\"@type\":\"SearchAction\",\"target\":{\"@type\":\"EntryPoint\",\"urlTemplate\":\"https:\/\/www.jagersrustvelden.nl\/?s={search_term_string}\"},\"query-input\":{\"@type\":\"PropertyValueSpecification\",\"valueRequired\":true,\"valueName\":\"search_term_string\"}}],\"inLanguage\":\"de\"},{\"@type\":\"Organization\",\"@id\":\"https:\/\/www.jagersrustvelden.nl\/#organization\",\"name\":\"Jagersrust Velden\",\"url\":\"https:\/\/www.jagersrustvelden.nl\/\",\"logo\":{\"@type\":\"ImageObject\",\"inLanguage\":\"de\",\"@id\":\"https:\/\/www.jagersrustvelden.nl\/#\/schema\/logo\/image\/\",\"url\":\"https:\/\/www.jagersrustvelden.nl\/wp-content\/uploads\/2025\/12\/hangend-bord-lang-touw-web-1.png\",\"contentUrl\":\"https:\/\/www.jagersrustvelden.nl\/wp-content\/uploads\/2025\/12\/hangend-bord-lang-touw-web-1.png\",\"width\":142,\"height\":203,\"caption\":\"Jagersrust Velden\"},\"image\":{\"@id\":\"https:\/\/www.jagersrustvelden.nl\/#\/schema\/logo\/image\/\"}}]}<\/script>\n<!-- \/ Yoast SEO plugin. -->","yoast_head_json":{"title":"Restaurant - Jagersrust Velden","robots":{"index":"index","follow":"follow","max-snippet":"max-snippet:-1","max-image-preview":"max-image-preview:large","max-video-preview":"max-video-preview:-1"},"canonical":"https:\/\/www.jagersrustvelden.nl\/de\/restaurant\/","og_locale":"de_DE","og_type":"article","og_title":"Restaurant - Jagersrust Velden","og_description":"Al meer dan veertig jaar staan we bekend om onze ambachtelijk gebakken pannenkoeken, bereid volgens traditionele recepten en rijkelijk belegd met de allerbeste ingredi\u00ebnten uit de regio, maar ons aanbod is veel uitgebreider dan alleen pannenkoeken. Op onze gevarieerde lunch- en dinerkaart vind je naast klassiekers ook smakelijke stoofpotjes, frisse salades en andere smaakvolle gerechten [&hellip;]","og_url":"https:\/\/www.jagersrustvelden.nl\/de\/restaurant\/","og_site_name":"Jagersrust Velden","article_modified_time":"2026-01-19T12:37:26+00:00","twitter_card":"summary_large_image","twitter_misc":{"Gesch\u00e4tzte Lesezeit":"1\u00a0Minute"},"schema":{"@context":"https:\/\/schema.org","@graph":[{"@type":"WebPage","@id":"https:\/\/www.jagersrustvelden.nl\/restaurant\/","url":"https:\/\/www.jagersrustvelden.nl\/restaurant\/","name":"Restaurant - Jagersrust Velden","isPartOf":{"@id":"https:\/\/www.jagersrustvelden.nl\/#website"},"datePublished":"2025-12-22T10:34:29+00:00","dateModified":"2026-01-19T12:37:26+00:00","breadcrumb":{"@id":"https:\/\/www.jagersrustvelden.nl\/restaurant\/#breadcrumb"},"inLanguage":"de","potentialAction":[{"@type":"ReadAction","target":["https:\/\/www.jagersrustvelden.nl\/restaurant\/"]}]},{"@type":"BreadcrumbList","@id":"https:\/\/www.jagersrustvelden.nl\/restaurant\/#breadcrumb","itemListElement":[{"@type":"ListItem","position":1,"name":"Home","item":"https:\/\/www.jagersrustvelden.nl\/"},{"@type":"ListItem","position":2,"name":"Restaurant"}]},{"@type":"WebSite","@id":"https:\/\/www.jagersrustvelden.nl\/#website","url":"https:\/\/www.jagersrustvelden.nl\/","name":"Hunters Rest Felder","description":"","publisher":{"@id":"https:\/\/www.jagersrustvelden.nl\/#organization"},"potentialAction":[{"@type":"SearchAction","target":{"@type":"EntryPoint","urlTemplate":"https:\/\/www.jagersrustvelden.nl\/?s={search_term_string}"},"query-input":{"@type":"PropertyValueSpecification","valueRequired":true,"valueName":"search_term_string"}}],"inLanguage":"de"},{"@type":"Organization","@id":"https:\/\/www.jagersrustvelden.nl\/#organization","name":"Hunters Rest Felder","url":"https:\/\/www.jagersrustvelden.nl\/","logo":{"@type":"ImageObject","inLanguage":"de","@id":"https:\/\/www.jagersrustvelden.nl\/#\/schema\/logo\/image\/","url":"https:\/\/www.jagersrustvelden.nl\/wp-content\/uploads\/2025\/12\/hangend-bord-lang-touw-web-1.png","contentUrl":"https:\/\/www.jagersrustvelden.nl\/wp-content\/uploads\/2025\/12\/hangend-bord-lang-touw-web-1.png","width":142,"height":203,"caption":"Jagersrust Velden"},"image":{"@id":"https:\/\/www.jagersrustvelden.nl\/#\/schema\/logo\/image\/"}}]}},"_links":{"self":[{"href":"https:\/\/www.jagersrustvelden.nl\/de\/wp-json\/wp\/v2\/pages\/285","targetHints":{"allow":["GET"]}}],"collection":[{"href":"https:\/\/www.jagersrustvelden.nl\/de\/wp-json\/wp\/v2\/pages"}],"about":[{"href":"https:\/\/www.jagersrustvelden.nl\/de\/wp-json\/wp\/v2\/types\/page"}],"author":[{"embeddable":true,"href":"https:\/\/www.jagersrustvelden.nl\/de\/wp-json\/wp\/v2\/users\/1"}],"replies":[{"embeddable":true,"href":"https:\/\/www.jagersrustvelden.nl\/de\/wp-json\/wp\/v2\/comments?post=285"}],"version-history":[{"count":12,"href":"https:\/\/www.jagersrustvelden.nl\/de\/wp-json\/wp\/v2\/pages\/285\/revisions"}],"predecessor-version":[{"id":1206,"href":"https:\/\/www.jagersrustvelden.nl\/de\/wp-json\/wp\/v2\/pages\/285\/revisions\/1206"}],"wp:attachment":[{"href":"https:\/\/www.jagersrustvelden.nl\/de\/wp-json\/wp\/v2\/media?parent=285"}],"curies":[{"name":"wp","href":"https:\/\/api.w.org\/{rel}","templated":true}]}}