{"id":283,"date":"2025-12-22T11:34:19","date_gmt":"2025-12-22T10:34:19","guid":{"rendered":"https:\/\/www.jagersrustvelden.nl\/?page_id=283"},"modified":"2026-04-29T11:20:50","modified_gmt":"2026-04-29T09:20:50","slug":"speeltuin","status":"publish","type":"page","link":"https:\/\/www.jagersrustvelden.nl\/de\/speeltuin\/","title":{"rendered":"Spielplatz"},"content":{"rendered":"<p>Kommen Sie auf unseren Spielplatz, der ideale Ort f\u00fcr Kinder, um sich auszutoben, w\u00e4hrend Sie einen Happen essen und ein Getr\u00e4nk genie\u00dfen. Unser Spielplatz ist mit allerlei lustigen und herausfordernden Spielger\u00e4ten ausgestattet und ist ein beliebter Ort f\u00fcr Familien, die bei uns zu Mittag oder zu Abend essen oder auf der Terrasse entspannen.<\/p>\n<p><strong>Was Sie erwarten k\u00f6nnen:<\/strong><\/p>\n<ul>\n<li>Een speelhoek voor de allerkleinste met een klim\/klauterparcour<\/li>\n<li>2 trampolines waar kinderen heerlijk kunnen springen en plezier maken<\/li>\n<li>1 schommelmand voor samen schommelen en lachen<\/li>\n<li>Kletterger\u00fcste, die zu Abenteuer und Entdeckung einladen<\/li>\n<li>Kletterstange f\u00fcr herausfordernde Action und Gleichgewichtstraining<\/li>\n<li>Separater Sandkasten f\u00fcr Kleinkinder, wo sie sicher und kreativ spielen k\u00f6nnen<\/li>\n<\/ul>\n<p>Unser Spielplatz wird sorgf\u00e4ltig kontrolliert und entspricht den einschl\u00e4gigen Sicherheitsnormen, aber das Spielen erfolgt auf eigene Gefahr.<\/p>\n<p>Kinder lieben es, hier zu klettern, zu springen und zu erkunden, w\u00e4hrend die Eltern in der nat\u00fcrlichen, gr\u00fcnen Umgebung von Velden einen Moment der Ruhe genie\u00dfen.<\/p>","protected":false},"excerpt":{"rendered":"<p>Kom je lekker spelen in onze speeltuin, d\u00e9 ideale plek voor kinderen om zich uit te leven terwijl jij geniet van een hapje en een drankje. Onze speeltuin wordt speciaal ingericht met allerlei leuke en uitdagende speeltoestellen, waardoor het een favoriete stop is voor gezinnen die bij ons lunchen, dineren of ontspannen op het terras. [&hellip;]<\/p>","protected":false},"author":1,"featured_media":1033,"parent":0,"menu_order":0,"comment_status":"closed","ping_status":"closed","template":"","meta":{"_acf_changed":false,"footnotes":""},"class_list":["post-283","page","type-page","status-publish","has-post-thumbnail","hentry"],"acf":[],"yoast_head":"<!-- This site is optimized with the Yoast SEO plugin v26.8 - https:\/\/yoast.com\/product\/yoast-seo-wordpress\/ -->\n<title>Speeltuin - Jagersrust Velden<\/title>\n<meta name=\"robots\" content=\"index, follow, max-snippet:-1, max-image-preview:large, max-video-preview:-1\" \/>\n<link rel=\"canonical\" href=\"https:\/\/www.jagersrustvelden.nl\/de\/speeltuin\/\" \/>\n<meta property=\"og:locale\" content=\"de_DE\" \/>\n<meta property=\"og:type\" content=\"article\" \/>\n<meta property=\"og:title\" content=\"Speeltuin - Jagersrust Velden\" \/>\n<meta property=\"og:description\" content=\"Kom je lekker spelen in onze speeltuin, d\u00e9 ideale plek voor kinderen om zich uit te leven terwijl jij geniet van een hapje en een drankje. Onze speeltuin wordt speciaal ingericht met allerlei leuke en uitdagende speeltoestellen, waardoor het een favoriete stop is voor gezinnen die bij ons lunchen, dineren of ontspannen op het terras. [&hellip;]\" \/>\n<meta property=\"og:url\" content=\"https:\/\/www.jagersrustvelden.nl\/de\/speeltuin\/\" \/>\n<meta property=\"og:site_name\" content=\"Jagersrust Velden\" \/>\n<meta property=\"article:modified_time\" content=\"2026-04-29T09:20:50+00:00\" \/>\n<meta property=\"og:image\" content=\"https:\/\/www.jagersrustvelden.nl\/wp-content\/uploads\/2026\/01\/Gemini_Generated_Image_pr5wprpr5wprpr5w-1-e1768469045218.jpg\" \/>\n\t<meta property=\"og:image:width\" content=\"432\" \/>\n\t<meta property=\"og:image:height\" content=\"301\" \/>\n\t<meta property=\"og:image:type\" content=\"image\/jpeg\" \/>\n<meta name=\"twitter:card\" content=\"summary_large_image\" \/>\n<meta name=\"twitter:label1\" content=\"Gesch\u00e4tzte Lesezeit\" \/>\n\t<meta name=\"twitter:data1\" content=\"1\u00a0Minute\" \/>\n<script type=\"application\/ld+json\" class=\"yoast-schema-graph\">{\"@context\":\"https:\/\/schema.org\",\"@graph\":[{\"@type\":\"WebPage\",\"@id\":\"https:\/\/www.jagersrustvelden.nl\/speeltuin\/\",\"url\":\"https:\/\/www.jagersrustvelden.nl\/speeltuin\/\",\"name\":\"Speeltuin - Jagersrust Velden\",\"isPartOf\":{\"@id\":\"https:\/\/www.jagersrustvelden.nl\/#website\"},\"primaryImageOfPage\":{\"@id\":\"https:\/\/www.jagersrustvelden.nl\/speeltuin\/#primaryimage\"},\"image\":{\"@id\":\"https:\/\/www.jagersrustvelden.nl\/speeltuin\/#primaryimage\"},\"thumbnailUrl\":\"https:\/\/www.jagersrustvelden.nl\/wp-content\/uploads\/2026\/01\/Gemini_Generated_Image_pr5wprpr5wprpr5w-1-e1768469045218.jpg\",\"datePublished\":\"2025-12-22T10:34:19+00:00\",\"dateModified\":\"2026-04-29T09:20:50+00:00\",\"breadcrumb\":{\"@id\":\"https:\/\/www.jagersrustvelden.nl\/speeltuin\/#breadcrumb\"},\"inLanguage\":\"de\",\"potentialAction\":[{\"@type\":\"ReadAction\",\"target\":[\"https:\/\/www.jagersrustvelden.nl\/speeltuin\/\"]}]},{\"@type\":\"ImageObject\",\"inLanguage\":\"de\",\"@id\":\"https:\/\/www.jagersrustvelden.nl\/speeltuin\/#primaryimage\",\"url\":\"https:\/\/www.jagersrustvelden.nl\/wp-content\/uploads\/2026\/01\/Gemini_Generated_Image_pr5wprpr5wprpr5w-1-e1768469045218.jpg\",\"contentUrl\":\"https:\/\/www.jagersrustvelden.nl\/wp-content\/uploads\/2026\/01\/Gemini_Generated_Image_pr5wprpr5wprpr5w-1-e1768469045218.jpg\",\"width\":432,\"height\":301},{\"@type\":\"BreadcrumbList\",\"@id\":\"https:\/\/www.jagersrustvelden.nl\/speeltuin\/#breadcrumb\",\"itemListElement\":[{\"@type\":\"ListItem\",\"position\":1,\"name\":\"Home\",\"item\":\"https:\/\/www.jagersrustvelden.nl\/\"},{\"@type\":\"ListItem\",\"position\":2,\"name\":\"Speeltuin\"}]},{\"@type\":\"WebSite\",\"@id\":\"https:\/\/www.jagersrustvelden.nl\/#website\",\"url\":\"https:\/\/www.jagersrustvelden.nl\/\",\"name\":\"Jagersrust Velden\",\"description\":\"\",\"publisher\":{\"@id\":\"https:\/\/www.jagersrustvelden.nl\/#organization\"},\"potentialAction\":[{\"@type\":\"SearchAction\",\"target\":{\"@type\":\"EntryPoint\",\"urlTemplate\":\"https:\/\/www.jagersrustvelden.nl\/?s={search_term_string}\"},\"query-input\":{\"@type\":\"PropertyValueSpecification\",\"valueRequired\":true,\"valueName\":\"search_term_string\"}}],\"inLanguage\":\"de\"},{\"@type\":\"Organization\",\"@id\":\"https:\/\/www.jagersrustvelden.nl\/#organization\",\"name\":\"Jagersrust Velden\",\"url\":\"https:\/\/www.jagersrustvelden.nl\/\",\"logo\":{\"@type\":\"ImageObject\",\"inLanguage\":\"de\",\"@id\":\"https:\/\/www.jagersrustvelden.nl\/#\/schema\/logo\/image\/\",\"url\":\"https:\/\/www.jagersrustvelden.nl\/wp-content\/uploads\/2025\/12\/hangend-bord-lang-touw-web-1.png\",\"contentUrl\":\"https:\/\/www.jagersrustvelden.nl\/wp-content\/uploads\/2025\/12\/hangend-bord-lang-touw-web-1.png\",\"width\":142,\"height\":203,\"caption\":\"Jagersrust Velden\"},\"image\":{\"@id\":\"https:\/\/www.jagersrustvelden.nl\/#\/schema\/logo\/image\/\"}}]}<\/script>\n<!-- \/ Yoast SEO plugin. -->","yoast_head_json":{"title":"Speeltuin - Jagersrust Velden","robots":{"index":"index","follow":"follow","max-snippet":"max-snippet:-1","max-image-preview":"max-image-preview:large","max-video-preview":"max-video-preview:-1"},"canonical":"https:\/\/www.jagersrustvelden.nl\/de\/speeltuin\/","og_locale":"de_DE","og_type":"article","og_title":"Speeltuin - Jagersrust Velden","og_description":"Kom je lekker spelen in onze speeltuin, d\u00e9 ideale plek voor kinderen om zich uit te leven terwijl jij geniet van een hapje en een drankje. Onze speeltuin wordt speciaal ingericht met allerlei leuke en uitdagende speeltoestellen, waardoor het een favoriete stop is voor gezinnen die bij ons lunchen, dineren of ontspannen op het terras. [&hellip;]","og_url":"https:\/\/www.jagersrustvelden.nl\/de\/speeltuin\/","og_site_name":"Jagersrust Velden","article_modified_time":"2026-04-29T09:20:50+00:00","og_image":[{"width":432,"height":301,"url":"https:\/\/www.jagersrustvelden.nl\/wp-content\/uploads\/2026\/01\/Gemini_Generated_Image_pr5wprpr5wprpr5w-1-e1768469045218.jpg","type":"image\/jpeg"}],"twitter_card":"summary_large_image","twitter_misc":{"Gesch\u00e4tzte Lesezeit":"1\u00a0Minute"},"schema":{"@context":"https:\/\/schema.org","@graph":[{"@type":"WebPage","@id":"https:\/\/www.jagersrustvelden.nl\/speeltuin\/","url":"https:\/\/www.jagersrustvelden.nl\/speeltuin\/","name":"Speeltuin - Jagersrust Velden","isPartOf":{"@id":"https:\/\/www.jagersrustvelden.nl\/#website"},"primaryImageOfPage":{"@id":"https:\/\/www.jagersrustvelden.nl\/speeltuin\/#primaryimage"},"image":{"@id":"https:\/\/www.jagersrustvelden.nl\/speeltuin\/#primaryimage"},"thumbnailUrl":"https:\/\/www.jagersrustvelden.nl\/wp-content\/uploads\/2026\/01\/Gemini_Generated_Image_pr5wprpr5wprpr5w-1-e1768469045218.jpg","datePublished":"2025-12-22T10:34:19+00:00","dateModified":"2026-04-29T09:20:50+00:00","breadcrumb":{"@id":"https:\/\/www.jagersrustvelden.nl\/speeltuin\/#breadcrumb"},"inLanguage":"de","potentialAction":[{"@type":"ReadAction","target":["https:\/\/www.jagersrustvelden.nl\/speeltuin\/"]}]},{"@type":"ImageObject","inLanguage":"de","@id":"https:\/\/www.jagersrustvelden.nl\/speeltuin\/#primaryimage","url":"https:\/\/www.jagersrustvelden.nl\/wp-content\/uploads\/2026\/01\/Gemini_Generated_Image_pr5wprpr5wprpr5w-1-e1768469045218.jpg","contentUrl":"https:\/\/www.jagersrustvelden.nl\/wp-content\/uploads\/2026\/01\/Gemini_Generated_Image_pr5wprpr5wprpr5w-1-e1768469045218.jpg","width":432,"height":301},{"@type":"BreadcrumbList","@id":"https:\/\/www.jagersrustvelden.nl\/speeltuin\/#breadcrumb","itemListElement":[{"@type":"ListItem","position":1,"name":"Home","item":"https:\/\/www.jagersrustvelden.nl\/"},{"@type":"ListItem","position":2,"name":"Speeltuin"}]},{"@type":"WebSite","@id":"https:\/\/www.jagersrustvelden.nl\/#website","url":"https:\/\/www.jagersrustvelden.nl\/","name":"Hunters Rest Felder","description":"","publisher":{"@id":"https:\/\/www.jagersrustvelden.nl\/#organization"},"potentialAction":[{"@type":"SearchAction","target":{"@type":"EntryPoint","urlTemplate":"https:\/\/www.jagersrustvelden.nl\/?s={search_term_string}"},"query-input":{"@type":"PropertyValueSpecification","valueRequired":true,"valueName":"search_term_string"}}],"inLanguage":"de"},{"@type":"Organization","@id":"https:\/\/www.jagersrustvelden.nl\/#organization","name":"Hunters Rest Felder","url":"https:\/\/www.jagersrustvelden.nl\/","logo":{"@type":"ImageObject","inLanguage":"de","@id":"https:\/\/www.jagersrustvelden.nl\/#\/schema\/logo\/image\/","url":"https:\/\/www.jagersrustvelden.nl\/wp-content\/uploads\/2025\/12\/hangend-bord-lang-touw-web-1.png","contentUrl":"https:\/\/www.jagersrustvelden.nl\/wp-content\/uploads\/2025\/12\/hangend-bord-lang-touw-web-1.png","width":142,"height":203,"caption":"Jagersrust Velden"},"image":{"@id":"https:\/\/www.jagersrustvelden.nl\/#\/schema\/logo\/image\/"}}]}},"_links":{"self":[{"href":"https:\/\/www.jagersrustvelden.nl\/de\/wp-json\/wp\/v2\/pages\/283","targetHints":{"allow":["GET"]}}],"collection":[{"href":"https:\/\/www.jagersrustvelden.nl\/de\/wp-json\/wp\/v2\/pages"}],"about":[{"href":"https:\/\/www.jagersrustvelden.nl\/de\/wp-json\/wp\/v2\/types\/page"}],"author":[{"embeddable":true,"href":"https:\/\/www.jagersrustvelden.nl\/de\/wp-json\/wp\/v2\/users\/1"}],"replies":[{"embeddable":true,"href":"https:\/\/www.jagersrustvelden.nl\/de\/wp-json\/wp\/v2\/comments?post=283"}],"version-history":[{"count":24,"href":"https:\/\/www.jagersrustvelden.nl\/de\/wp-json\/wp\/v2\/pages\/283\/revisions"}],"predecessor-version":[{"id":1352,"href":"https:\/\/www.jagersrustvelden.nl\/de\/wp-json\/wp\/v2\/pages\/283\/revisions\/1352"}],"wp:featuredmedia":[{"embeddable":true,"href":"https:\/\/www.jagersrustvelden.nl\/de\/wp-json\/wp\/v2\/media\/1033"}],"wp:attachment":[{"href":"https:\/\/www.jagersrustvelden.nl\/de\/wp-json\/wp\/v2\/media?parent=283"}],"curies":[{"name":"wp","href":"https:\/\/api.w.org\/{rel}","templated":true}]}}