{"id":1178,"date":"2026-01-15T21:01:50","date_gmt":"2026-01-15T20:01:50","guid":{"rendered":"https:\/\/www.jagersrustvelden.nl\/?page_id=1178"},"modified":"2026-01-30T09:21:53","modified_gmt":"2026-01-30T08:21:53","slug":"smokkelpad","status":"publish","type":"page","link":"https:\/\/www.jagersrustvelden.nl\/de\/smokkelpad\/","title":{"rendered":"Spur des Schmuggels"},"content":{"rendered":"<p>Gehen Sie zur\u00fcck in die Vergangenheit und erleben Sie ein St\u00fcck echter Grenzgeschichte auf dem Smokkelpad bei Jagersrust in Velden. Dieser besondere Weg f\u00fchrt Sie durch den Wald und vorbei an Orten, an denen fr\u00fcher Schmuggler ihre Routen zwischen den Niederlanden und Deutschland liefen. Eine sch\u00f6ne Kombination aus Natur, Abenteuer und einem Hauch von Spannung, ein Spa\u00df f\u00fcr Jung und Alt.<\/p>\n<p>Der Weg schl\u00e4ngelt sich durch die gr\u00fcne Landschaft und ist auch f\u00fcr Familien mit Kindern gut zu begehen. Unterwegs kommen Sie an Sehensw\u00fcrdigkeiten vorbei, die die Geschichte der Schmuggler lebendig werden lassen und Ihrem Spaziergang das gewisse Etwas verleihen. Ideal f\u00fcr eine kurze Erkundung oder als Teil einer l\u00e4ngeren Wanderung in der Gegend.<\/p>\n<p>Danach sind Sie nat\u00fcrlich im Jagersrust zu einem leckeren Pfannkuchen, einem Mittagessen oder einfach nur einem Getr\u00e4nk auf der Terrasse willkommen, w\u00e4hrend die Kinder auf dem Spielplatz spielen. Auf diese Weise k\u00f6nnen Sie Ihren Besuch auf dem Smokkelpad zu einem kompletten Tagesausflug machen.<\/p>\n<p>Ziehen Sie Ihre Wanderschuhe an, folgen Sie den Spuren der Vergangenheit und entdecken Sie, wie viel Spa\u00df Geschichte machen kann: Der Schmuggelpfad beginnt in Jagersrust.<\/p>\n<p>Die Schmuggelspur wurde von IVN Limburg entwickelt<\/p>\n<p>&nbsp;<\/p>","protected":false},"excerpt":{"rendered":"<p>Stap terug in de tijd en beleef een stukje echte grensgeschiedenis op het Smokkelpad bij Jagersrust in Velden. Dit bijzondere wandelpad voert je door het bos en langs plekken waar vroeger smokkelaars hun routes liepen tussen Nederland en Duitsland. Een mooie combinatie van natuur, avontuur en een vleugje spanning, leuk voor jong \u00e9n oud. Het [&hellip;]<\/p>","protected":false},"author":1,"featured_media":0,"parent":0,"menu_order":0,"comment_status":"closed","ping_status":"closed","template":"","meta":{"_acf_changed":false,"footnotes":""},"class_list":["post-1178","page","type-page","status-publish","hentry"],"acf":[],"yoast_head":"<!-- This site is optimized with the Yoast SEO plugin v26.8 - https:\/\/yoast.com\/product\/yoast-seo-wordpress\/ -->\n<title>Smokkelpad - Jagersrust Velden<\/title>\n<meta name=\"robots\" content=\"index, follow, max-snippet:-1, max-image-preview:large, max-video-preview:-1\" \/>\n<link rel=\"canonical\" href=\"https:\/\/www.jagersrustvelden.nl\/de\/smokkelpad\/\" \/>\n<meta property=\"og:locale\" content=\"de_DE\" \/>\n<meta property=\"og:type\" content=\"article\" \/>\n<meta property=\"og:title\" content=\"Smokkelpad - Jagersrust Velden\" \/>\n<meta property=\"og:description\" content=\"Stap terug in de tijd en beleef een stukje echte grensgeschiedenis op het Smokkelpad bij Jagersrust in Velden. Dit bijzondere wandelpad voert je door het bos en langs plekken waar vroeger smokkelaars hun routes liepen tussen Nederland en Duitsland. Een mooie combinatie van natuur, avontuur en een vleugje spanning, leuk voor jong \u00e9n oud. Het [&hellip;]\" \/>\n<meta property=\"og:url\" content=\"https:\/\/www.jagersrustvelden.nl\/de\/smokkelpad\/\" \/>\n<meta property=\"og:site_name\" content=\"Jagersrust Velden\" \/>\n<meta property=\"article:modified_time\" content=\"2026-01-30T08:21:53+00:00\" \/>\n<meta name=\"twitter:card\" content=\"summary_large_image\" \/>\n<meta name=\"twitter:label1\" content=\"Gesch\u00e4tzte Lesezeit\" \/>\n\t<meta name=\"twitter:data1\" content=\"1\u00a0Minute\" \/>\n<script type=\"application\/ld+json\" class=\"yoast-schema-graph\">{\"@context\":\"https:\/\/schema.org\",\"@graph\":[{\"@type\":\"WebPage\",\"@id\":\"https:\/\/www.jagersrustvelden.nl\/smokkelpad\/\",\"url\":\"https:\/\/www.jagersrustvelden.nl\/smokkelpad\/\",\"name\":\"Smokkelpad - Jagersrust Velden\",\"isPartOf\":{\"@id\":\"https:\/\/www.jagersrustvelden.nl\/#website\"},\"datePublished\":\"2026-01-15T20:01:50+00:00\",\"dateModified\":\"2026-01-30T08:21:53+00:00\",\"breadcrumb\":{\"@id\":\"https:\/\/www.jagersrustvelden.nl\/smokkelpad\/#breadcrumb\"},\"inLanguage\":\"de\",\"potentialAction\":[{\"@type\":\"ReadAction\",\"target\":[\"https:\/\/www.jagersrustvelden.nl\/smokkelpad\/\"]}]},{\"@type\":\"BreadcrumbList\",\"@id\":\"https:\/\/www.jagersrustvelden.nl\/smokkelpad\/#breadcrumb\",\"itemListElement\":[{\"@type\":\"ListItem\",\"position\":1,\"name\":\"Home\",\"item\":\"https:\/\/www.jagersrustvelden.nl\/\"},{\"@type\":\"ListItem\",\"position\":2,\"name\":\"Smokkelpad\"}]},{\"@type\":\"WebSite\",\"@id\":\"https:\/\/www.jagersrustvelden.nl\/#website\",\"url\":\"https:\/\/www.jagersrustvelden.nl\/\",\"name\":\"Jagersrust Velden\",\"description\":\"\",\"publisher\":{\"@id\":\"https:\/\/www.jagersrustvelden.nl\/#organization\"},\"potentialAction\":[{\"@type\":\"SearchAction\",\"target\":{\"@type\":\"EntryPoint\",\"urlTemplate\":\"https:\/\/www.jagersrustvelden.nl\/?s={search_term_string}\"},\"query-input\":{\"@type\":\"PropertyValueSpecification\",\"valueRequired\":true,\"valueName\":\"search_term_string\"}}],\"inLanguage\":\"de\"},{\"@type\":\"Organization\",\"@id\":\"https:\/\/www.jagersrustvelden.nl\/#organization\",\"name\":\"Jagersrust Velden\",\"url\":\"https:\/\/www.jagersrustvelden.nl\/\",\"logo\":{\"@type\":\"ImageObject\",\"inLanguage\":\"de\",\"@id\":\"https:\/\/www.jagersrustvelden.nl\/#\/schema\/logo\/image\/\",\"url\":\"https:\/\/www.jagersrustvelden.nl\/wp-content\/uploads\/2025\/12\/hangend-bord-lang-touw-web-1.png\",\"contentUrl\":\"https:\/\/www.jagersrustvelden.nl\/wp-content\/uploads\/2025\/12\/hangend-bord-lang-touw-web-1.png\",\"width\":142,\"height\":203,\"caption\":\"Jagersrust Velden\"},\"image\":{\"@id\":\"https:\/\/www.jagersrustvelden.nl\/#\/schema\/logo\/image\/\"}}]}<\/script>\n<!-- \/ Yoast SEO plugin. -->","yoast_head_json":{"title":"Smokkelpad - Jagersrust Velden","robots":{"index":"index","follow":"follow","max-snippet":"max-snippet:-1","max-image-preview":"max-image-preview:large","max-video-preview":"max-video-preview:-1"},"canonical":"https:\/\/www.jagersrustvelden.nl\/de\/smokkelpad\/","og_locale":"de_DE","og_type":"article","og_title":"Smokkelpad - Jagersrust Velden","og_description":"Stap terug in de tijd en beleef een stukje echte grensgeschiedenis op het Smokkelpad bij Jagersrust in Velden. Dit bijzondere wandelpad voert je door het bos en langs plekken waar vroeger smokkelaars hun routes liepen tussen Nederland en Duitsland. Een mooie combinatie van natuur, avontuur en een vleugje spanning, leuk voor jong \u00e9n oud. Het [&hellip;]","og_url":"https:\/\/www.jagersrustvelden.nl\/de\/smokkelpad\/","og_site_name":"Jagersrust Velden","article_modified_time":"2026-01-30T08:21:53+00:00","twitter_card":"summary_large_image","twitter_misc":{"Gesch\u00e4tzte Lesezeit":"1\u00a0Minute"},"schema":{"@context":"https:\/\/schema.org","@graph":[{"@type":"WebPage","@id":"https:\/\/www.jagersrustvelden.nl\/smokkelpad\/","url":"https:\/\/www.jagersrustvelden.nl\/smokkelpad\/","name":"Smokkelpad - Jagersrust Velden","isPartOf":{"@id":"https:\/\/www.jagersrustvelden.nl\/#website"},"datePublished":"2026-01-15T20:01:50+00:00","dateModified":"2026-01-30T08:21:53+00:00","breadcrumb":{"@id":"https:\/\/www.jagersrustvelden.nl\/smokkelpad\/#breadcrumb"},"inLanguage":"de","potentialAction":[{"@type":"ReadAction","target":["https:\/\/www.jagersrustvelden.nl\/smokkelpad\/"]}]},{"@type":"BreadcrumbList","@id":"https:\/\/www.jagersrustvelden.nl\/smokkelpad\/#breadcrumb","itemListElement":[{"@type":"ListItem","position":1,"name":"Home","item":"https:\/\/www.jagersrustvelden.nl\/"},{"@type":"ListItem","position":2,"name":"Smokkelpad"}]},{"@type":"WebSite","@id":"https:\/\/www.jagersrustvelden.nl\/#website","url":"https:\/\/www.jagersrustvelden.nl\/","name":"Hunters Rest Felder","description":"","publisher":{"@id":"https:\/\/www.jagersrustvelden.nl\/#organization"},"potentialAction":[{"@type":"SearchAction","target":{"@type":"EntryPoint","urlTemplate":"https:\/\/www.jagersrustvelden.nl\/?s={search_term_string}"},"query-input":{"@type":"PropertyValueSpecification","valueRequired":true,"valueName":"search_term_string"}}],"inLanguage":"de"},{"@type":"Organization","@id":"https:\/\/www.jagersrustvelden.nl\/#organization","name":"Hunters Rest Felder","url":"https:\/\/www.jagersrustvelden.nl\/","logo":{"@type":"ImageObject","inLanguage":"de","@id":"https:\/\/www.jagersrustvelden.nl\/#\/schema\/logo\/image\/","url":"https:\/\/www.jagersrustvelden.nl\/wp-content\/uploads\/2025\/12\/hangend-bord-lang-touw-web-1.png","contentUrl":"https:\/\/www.jagersrustvelden.nl\/wp-content\/uploads\/2025\/12\/hangend-bord-lang-touw-web-1.png","width":142,"height":203,"caption":"Jagersrust Velden"},"image":{"@id":"https:\/\/www.jagersrustvelden.nl\/#\/schema\/logo\/image\/"}}]}},"_links":{"self":[{"href":"https:\/\/www.jagersrustvelden.nl\/de\/wp-json\/wp\/v2\/pages\/1178","targetHints":{"allow":["GET"]}}],"collection":[{"href":"https:\/\/www.jagersrustvelden.nl\/de\/wp-json\/wp\/v2\/pages"}],"about":[{"href":"https:\/\/www.jagersrustvelden.nl\/de\/wp-json\/wp\/v2\/types\/page"}],"author":[{"embeddable":true,"href":"https:\/\/www.jagersrustvelden.nl\/de\/wp-json\/wp\/v2\/users\/1"}],"replies":[{"embeddable":true,"href":"https:\/\/www.jagersrustvelden.nl\/de\/wp-json\/wp\/v2\/comments?post=1178"}],"version-history":[{"count":4,"href":"https:\/\/www.jagersrustvelden.nl\/de\/wp-json\/wp\/v2\/pages\/1178\/revisions"}],"predecessor-version":[{"id":1216,"href":"https:\/\/www.jagersrustvelden.nl\/de\/wp-json\/wp\/v2\/pages\/1178\/revisions\/1216"}],"wp:attachment":[{"href":"https:\/\/www.jagersrustvelden.nl\/de\/wp-json\/wp\/v2\/media?parent=1178"}],"curies":[{"name":"wp","href":"https:\/\/api.w.org\/{rel}","templated":true}]}}